{"id":277,"date":"2012-09-04T20:49:45","date_gmt":"2012-09-05T00:49:45","guid":{"rendered":"http:\/\/www.uqac.ca\/grh\/?page_id=277"},"modified":"2016-03-02T15:25:12","modified_gmt":"2016-03-02T20:25:12","slug":"nouvelles-publications","status":"publish","type":"page","link":"https:\/\/www.uqac.ca\/grh\/","title":{"rendered":""},"content":{"rendered":"<p><strong>Le Groupe de recherche sur l\u2019Histoire (GRH)<\/strong> a \u00e9t\u00e9 cr\u00e9\u00e9 en 1983 par Camil Girard (Professeur associ\u00e9 UQAC \u2013 et Normand Perron (Professeur, INRS-Culture et Soci\u00e9t\u00e9) dans le cadre de la pr\u00e9paration de recherches qui ont men\u00e9 \u00e0 la r\u00e9daction de l\u2019Histoire du Saguenay-Lac-Saint-Jean (PUL-INRS-Culture : 2006 \u00e0 2011).<\/p>\n<div>\n<p>Le Groupe a par la suite d\u00e9velopp\u00e9 divers chantiers de recherche en histoire r\u00e9gionale- culture villageoise, histoire des peuples autochtones \u2013 r\u00e9cr\u00e9otourisme nordique, migration des jeunes, p\u00eaches chez les peuples autochtones, histoire des alliances avec les peuples autochtones, dynamiques interculturelles, etc. Il a contribu\u00e9 \u00e0 la pr\u00e9paration de diverses expositions, oeuvr\u00e9 aupr\u00e8s de la Commission royale sur les peuples autochtones du Canada et particip\u00e9 aux travaux de l\u2019INRS-Culture et Soci\u00e9t\u00e9 \u2013 histoire r\u00e9gionale\/ direction Normand Perron. Il est associ\u00e9 au Groupe sur la migration des Jeunes dirig\u00e9 par Madeleine Gauthier et Nicole Gallant, INRS-Culture et Soci\u00e9t\u00e9. Il collabore avec plusieurs communaut\u00e9s des Premi\u00e8res Nations et de l\u2019Alliance autochtone du Qu\u00e9bec. Depuis une dizaine d\u2019ann\u00e9es, des travaux sont men\u00e9s sur la sc\u00e8ne internationale, en particulier avec des chercheurs du Mexique et du Br\u00e9sil.<\/p>\n<p>Pour plus de d\u00e9tails, voir cv Camil Girard\u2026<\/p>\n<p><a href=\"https:\/\/www.uqac.ca\/grh\/wp-content\/uploads\/2012\/09\/CGirardcv2013complet.pdf\">CGirardcv2013complet<\/a><\/p>\n<p>&nbsp;<\/p>\n<\/div>\n<p style=\"text-align: center;\"><span style=\"text-decoration: underline;\"><strong>Nouvelles publications et activit\u00e9s scientifiques<\/strong><\/span><\/p>\n<p>&nbsp;<\/p>\n<p>Camil Girard et Carl Brisson, Nistassinan. Notre Terre. Alliance et souverainet\u00e9 partag\u00e9e du peuple innu au Qu\u00e9bec. Des premiers contacts \u00e0 nos jours, Les Presses de l&rsquo;Universit\u00e9 Laval, 2014.<\/p>\n<p><a href=\"https:\/\/www.uqac.ca\/grh\/wp-content\/uploads\/2012\/09\/Pr\u00e9sentationNitassinanEssipit2015.docx\">Pr\u00e9sentationNitassinanEssipit2015<\/a><\/p>\n<p><strong>Colloque international en d\u00e9veloppement r\u00e9gional qui se tient \u00e0 Tabasco, fin mai 2013&#8230; Qu\u00e9bec \u00e0 Tabasco&#8230; D\u00e9veloppement r\u00e9gional et catastrophes naturelles.<\/strong><\/p>\n<p><a href=\"https:\/\/www.uqac.ca\/grh\/wp-content\/uploads\/2012\/09\/PosterColoquioQcTabascoMexicoMai2013.pdf\">PosterColoquioQcTabascoMexicoMai2013<\/a><\/p>\n<p>Programmation du Colloque international Qu\u00e9bec \u00e0 Mexico (Mai 2013)<\/p>\n<p><a href=\"https:\/\/www.uqac.ca\/grh\/wp-content\/uploads\/2012\/09\/coloquioInternationalUQACTabascoMexico.pdf\">coloquioInternationalUQAC:TabascoMexico<\/a><\/p>\n<p><strong>Ouvrages r\u00e9cents&#8230;<\/strong><\/p>\n<p><a href=\"http:\/\/www.pulaval.com\/catalogue\/les-peches-des-premieres-nations-dans-9767.html\"><br \/>\n<img loading=\"lazy\" decoding=\"async\" class=\"aligncenter size-medium wp-image-279\" title=\"les p\u00eaches des pn dans l'est du pq\" src=\"https:\/\/www.uqac.ca\/grh\/wp-content\/uploads\/2012\/09\/les-p\u00eaches-des-pn-dans-lest-du-pq1-199x300.jpg\" alt=\"\" width=\"199\" height=\"300\" srcset=\"https:\/\/www.uqac.ca\/grh\/wp-content\/uploads\/2012\/09\/les-p\u00eaches-des-pn-dans-lest-du-pq1-199x300.jpg 199w, https:\/\/www.uqac.ca\/grh\/wp-content\/uploads\/2012\/09\/les-p\u00eaches-des-pn-dans-lest-du-pq1.jpg 400w\" sizes=\"(max-width: 199px) 100vw, 199px\" \/><\/a><\/p>\n<p style=\"text-align: center;\"><strong>P\u00eaches, Premi\u00e8res Nations, Qu\u00e9bec, Canada, autonomie gouvernementale, peuples autochtones.<\/strong><\/p>\n<p style=\"text-align: center;\">Les p\u00eaches des Premi\u00e8res Nations dans l&rsquo;Est du Qu\u00e9bec. Innus, Mal\u00e9cites et Micmacs, PUL, 2012.<\/p>\n<p>&nbsp;<\/p>\n<p><a href=\"http:\/\/www.pulaval.com\/catalogue\/oublie-que-jadis-nous-etions-freres-9291.htmln-oubli\u00e9-que-jadis-nous-\u00e9tions-fr\u00e8res.jpg\"><img loading=\"lazy\" decoding=\"async\" class=\"aligncenter size-medium wp-image-280\" title=\"as t'on oubli\u00e9 que jadis nous \u00e9tions fr\u00e8res\" src=\"https:\/\/www.uqac.ca\/grh\/wp-content\/uploads\/2012\/09\/as-ton-oubli\u00e9-que-jadis-nous-\u00e9tions-fr\u00e8res-200x300.jpg\" alt=\"\" width=\"200\" height=\"300\" srcset=\"https:\/\/www.uqac.ca\/grh\/wp-content\/uploads\/2012\/09\/as-ton-oubli\u00e9-que-jadis-nous-\u00e9tions-fr\u00e8res-200x300.jpg 200w, https:\/\/www.uqac.ca\/grh\/wp-content\/uploads\/2012\/09\/as-ton-oubli\u00e9-que-jadis-nous-\u00e9tions-fr\u00e8res.jpg 400w\" sizes=\"(max-width: 200px) 100vw, 200px\" \/><\/a><\/p>\n<p style=\"text-align: center;\"><strong>Alliances, Nouvelle-France, histoire des fondations, souverainet\u00e9 partag\u00e9e, peuples autochtones, dynamique interculturelle.<\/strong><\/p>\n<p style=\"text-align: center;\">A-t-on oubli\u00e9 que jadis nous \u00e9tions \u00ab\u00a0fr\u00e8res\u00a0\u00bb? Alliances fondatrices et reconnaissance des peuples autochtones dans l&rsquo;histoire du Qu\u00e9bec, PUL, 2009.<\/p>\n<p><strong>Mathieu d&rsquo;Avignon, Catherine V\u00e9zina, Rodolfo Stavenhagen, histoire compar\u00e9e, reconstruction histoires coloniales, nationales, peuples autochtones, Am\u00e9riques.<\/strong><\/p>\n<p><strong>R\u00e9ponse de Mathieu d&rsquo;Avignon au compte-rendu de <\/strong><em><strong>La reconstruction de l&rsquo;histoire des Am\u00e9riques<\/strong> aux Presses de l\u2019Universit\u00e9 Laval (2010), publi\u00e9 par Rodolfo Stavenhagen et Mathieu d&rsquo;Avignon aux Presses de l&rsquo;universit\u00e9 Laval en 2010,<\/em> par Catherine V\u00e9zina, paru dans <em>Ethnologies<\/em>, vol. 33, no 1 (2011), p. 317-320.<\/p>\n<p><a href=\"https:\/\/www.uqac.ca\/grh\/wp-content\/uploads\/2012\/09\/reponse_cvezina_mdavignon2.pdf\">reponse_cvezina_mdavignon<\/a><\/p>\n<p style=\"text-align: center;\"><a href=\"https:\/\/www.uqac.ca\/grh\/wp-content\/uploads\/2012\/09\/StavenhagenPULCouverture-copie-copie.jpg\"><img loading=\"lazy\" decoding=\"async\" class=\"aligncenter size-full wp-image-492\" title=\"StavenhagenPULCouverture - copie - copie\" src=\"https:\/\/www.uqac.ca\/grh\/wp-content\/uploads\/2012\/09\/StavenhagenPULCouverture-copie-copie.jpg\" alt=\"\" width=\"2061\" height=\"1275\" srcset=\"https:\/\/www.uqac.ca\/grh\/wp-content\/uploads\/2012\/09\/StavenhagenPULCouverture-copie-copie.jpg 2061w, https:\/\/www.uqac.ca\/grh\/wp-content\/uploads\/2012\/09\/StavenhagenPULCouverture-copie-copie-300x185.jpg 300w, https:\/\/www.uqac.ca\/grh\/wp-content\/uploads\/2012\/09\/StavenhagenPULCouverture-copie-copie-1024x633.jpg 1024w, https:\/\/www.uqac.ca\/grh\/wp-content\/uploads\/2012\/09\/StavenhagenPULCouverture-copie-copie-484x300.jpg 484w\" sizes=\"(max-width: 2061px) 100vw, 2061px\" \/><\/a><\/p>\n<p><strong>Vient de para\u00eetre, nouvelle \u00e9dition en espagnol, GRH-UQAC, 2013&#8230; Disponible en ligne. Une traduction de Luz Maria Santa Maria (M\u00e9xico).<\/strong><\/p>\n<div id=\"attachment_485\" style=\"width: 1285px\" class=\"wp-caption aligncenter\"><a href=\"https:\/\/www.uqac.ca\/grh\/wp-content\/uploads\/2012\/09\/pcouverture_stavenhagen_espanol.jpg\"><img loading=\"lazy\" decoding=\"async\" aria-describedby=\"caption-attachment-485\" class=\"size-full wp-image-485\" title=\"pcouverture_stavenhagen_espanol\" src=\"https:\/\/www.uqac.ca\/grh\/wp-content\/uploads\/2012\/09\/pcouverture_stavenhagen_espanol.jpg\" alt=\"\" width=\"1275\" height=\"1651\" srcset=\"https:\/\/www.uqac.ca\/grh\/wp-content\/uploads\/2012\/09\/pcouverture_stavenhagen_espanol.jpg 1275w, https:\/\/www.uqac.ca\/grh\/wp-content\/uploads\/2012\/09\/pcouverture_stavenhagen_espanol-231x300.jpg 231w, https:\/\/www.uqac.ca\/grh\/wp-content\/uploads\/2012\/09\/pcouverture_stavenhagen_espanol-790x1024.jpg 790w\" sizes=\"(max-width: 1275px) 100vw, 1275px\" \/><\/a><p id=\"caption-attachment-485\" class=\"wp-caption-text\">La reconstrucci\u00f3n de la historia de las Am\u00e9ricas (cliquer sur le lien ci-dessous pour consulter la page titre, la table des mati\u00e8res et l\u2019introduction). Cet ouvrage a re\u00e7u le soutien financier du Groupe de Recherche sur l\u2019Histoire de l\u2019Universit\u00e9 du Qu\u00e9bec \u00e0 Chicoutimi &#8211; GRH-UQAC.<\/p><\/div>\n<p>En format pdf, lisible sur la plupart des tablettes \u00e9lectroniques (Kindle, iPad, etc.). En vente \u00e0 9,99$ sur le site d&rsquo;Amazon.com :<\/p>\n<p><a href=\"http:\/\/www.amazon.com\/reconstrucci\u00f3n-Entrevista-historiador-Stavenhagen-ebook\/dp\/B00AYFZ290\">http:\/\/www.amazon.com\/reconstrucci\u00f3n-Entrevista-historiador-Stavenhagen-ebook\/dp\/B00AYFZ290<\/a><\/p>\n<p>&nbsp;<\/p>\n<p>GRH-UQAC 2013<\/p>\n<p>&nbsp;<\/p>\n","protected":false},"excerpt":{"rendered":"<p>Le Groupe de recherche sur l\u2019Histoire (GRH) a \u00e9t\u00e9 cr\u00e9\u00e9 en 1983 par Camil Girard (Professeur associ\u00e9 UQAC \u2013 et Normand Perron (Professeur, INRS-Culture et Soci\u00e9t\u00e9) dans le cadre de la pr\u00e9paration de recherches qui ont men\u00e9 \u00e0 la r\u00e9daction &hellip; <a href=\"https:\/\/www.uqac.ca\/grh\/\">Continuer la lecture <span class=\"meta-nav\">&rarr;<\/span><\/a><\/p>\n","protected":false},"author":2,"featured_media":0,"parent":0,"menu_order":0,"comment_status":"closed","ping_status":"open","template":"","meta":{"footnotes":""},"_links":{"self":[{"href":"https:\/\/www.uqac.ca\/grh\/wp-json\/wp\/v2\/pages\/277"}],"collection":[{"href":"https:\/\/www.uqac.ca\/grh\/wp-json\/wp\/v2\/pages"}],"about":[{"href":"https:\/\/www.uqac.ca\/grh\/wp-json\/wp\/v2\/types\/page"}],"author":[{"embeddable":true,"href":"https:\/\/www.uqac.ca\/grh\/wp-json\/wp\/v2\/users\/2"}],"replies":[{"embeddable":true,"href":"https:\/\/www.uqac.ca\/grh\/wp-json\/wp\/v2\/comments?post=277"}],"version-history":[{"count":38,"href":"https:\/\/www.uqac.ca\/grh\/wp-json\/wp\/v2\/pages\/277\/revisions"}],"predecessor-version":[{"id":878,"href":"https:\/\/www.uqac.ca\/grh\/wp-json\/wp\/v2\/pages\/277\/revisions\/878"}],"wp:attachment":[{"href":"https:\/\/www.uqac.ca\/grh\/wp-json\/wp\/v2\/media?parent=277"}],"curies":[{"name":"wp","href":"https:\/\/api.w.org\/{rel}","templated":true}]}}