{"id":61,"date":"2012-07-04T20:15:56","date_gmt":"2012-07-04T19:15:56","guid":{"rendered":"http:\/\/www.uqac.ca\/grh\/?page_id=61"},"modified":"2012-07-24T14:00:22","modified_gmt":"2012-07-24T18:00:22","slug":"nouveautes","status":"publish","type":"page","link":"https:\/\/www.uqac.ca\/grh\/nouveautes\/","title":{"rendered":"Ouvrages"},"content":{"rendered":"<p><span style=\"text-decoration: underline;\"><strong>NOUVEAUT\u00c9S<\/strong><\/span><\/p>\n<p>Sous la direction de Paul Charest, Camil Girard et Thi\u00e9ry Rondon: <a href=\"http:\/\/www.pulaval.com\/catalogue\/les-peches-des-premieres-nations-dans-9767.html\">Les p\u00eaches des premi\u00e8res nations dans l&rsquo;Est du Qu\u00e9bec: Innu, Mal\u00e9cites et Micmacs,<\/a> Presses de l&rsquo;Universit\u00e9 Laval, Qu\u00e9bec, QC, 2012.<\/p>\n<p>Mathieu d&rsquo;Avignon, Camil Girard:  <a href=\"http:\/\/www.pulaval.com\/catalogue\/oublie-que-jadis-nous-etions-freres-9291.html\">A-t-on oubli\u00e9 que jadis nous \u00e9tions \u00ab fr\u00e8res \u00bb ? Alliances fondatrices et reconnaissance des peuples autochtones dans l&rsquo;histoire du Qu\u00e9bec<\/a>. Presse de l&rsquo;Universit\u00e9 Laval, Qu\u00e9bec, PQ, 2009.<\/p>\n<p>Camil Girard et Gervais Tremblay: <em style=\"color: #000000; font-size: medium;\"><a href=\"http:\/\/www.pulaval.com\/catalogue\/grand-brule-recits-vie-histoire-village-4178.html\">Le Grand-Br\u00fbl\u00e9. R\u00e9cits de vie et histoire d&rsquo;un village au Qu\u00e9bec. Laterri\u00e8re, Saguenay.<\/a> 1900-1960. Presse de l&rsquo;Universit\u00e9 Laval, Qu\u00e9bec, PQ, 2005.<\/em><\/p>\n<h3><\/h3>\n<h3><\/h3>\n<p>&nbsp;<\/p>\n","protected":false},"excerpt":{"rendered":"<p>NOUVEAUT\u00c9S Sous la direction de Paul Charest, Camil Girard et Thi\u00e9ry Rondon: Les p\u00eaches des premi\u00e8res nations dans l&rsquo;Est du Qu\u00e9bec: Innu, Mal\u00e9cites et Micmacs, Presses de l&rsquo;Universit\u00e9 Laval, Qu\u00e9bec, QC, 2012. Mathieu d&rsquo;Avignon, Camil Girard: A-t-on oubli\u00e9 que jadis &hellip; <a href=\"https:\/\/www.uqac.ca\/grh\/nouveautes\/\">Continuer la lecture <span class=\"meta-nav\">&rarr;<\/span><\/a><\/p>\n","protected":false},"author":2,"featured_media":0,"parent":0,"menu_order":0,"comment_status":"closed","ping_status":"open","template":"","meta":{"footnotes":""},"_links":{"self":[{"href":"https:\/\/www.uqac.ca\/grh\/wp-json\/wp\/v2\/pages\/61"}],"collection":[{"href":"https:\/\/www.uqac.ca\/grh\/wp-json\/wp\/v2\/pages"}],"about":[{"href":"https:\/\/www.uqac.ca\/grh\/wp-json\/wp\/v2\/types\/page"}],"author":[{"embeddable":true,"href":"https:\/\/www.uqac.ca\/grh\/wp-json\/wp\/v2\/users\/2"}],"replies":[{"embeddable":true,"href":"https:\/\/www.uqac.ca\/grh\/wp-json\/wp\/v2\/comments?post=61"}],"version-history":[{"count":11,"href":"https:\/\/www.uqac.ca\/grh\/wp-json\/wp\/v2\/pages\/61\/revisions"}],"predecessor-version":[{"id":162,"href":"https:\/\/www.uqac.ca\/grh\/wp-json\/wp\/v2\/pages\/61\/revisions\/162"}],"wp:attachment":[{"href":"https:\/\/www.uqac.ca\/grh\/wp-json\/wp\/v2\/media?parent=61"}],"curies":[{"name":"wp","href":"https:\/\/api.w.org\/{rel}","templated":true}]}}