{"id":66,"date":"2012-07-04T20:48:30","date_gmt":"2012-07-04T19:48:30","guid":{"rendered":"http:\/\/www.uqac.ca\/grh\/?page_id=66"},"modified":"2013-11-15T16:16:02","modified_gmt":"2013-11-15T21:16:02","slug":"histoire-regionale-regional-history","status":"publish","type":"page","link":"https:\/\/www.uqac.ca\/grh\/histoire-regionale-regional-history\/","title":{"rendered":"Histoire r\u00e9gionale (Regional History)"},"content":{"rendered":"<p><span style=\"color: #000000;\">Girard Camil et Gervais Tremblay<\/span><span style=\"color: #cc6600; font-size: medium;\">. <\/span><em style=\"color: #cc6600;\"><a href=\"http:\/\/www.pulaval.com\/catalogue\/grand-brule-recits-vie-histoire-village-4178.html\">Le Grand-Br\u00fbl\u00e9. R\u00e9cits de vie et histoire d&rsquo;un village au Qu\u00e9bec. Laterri\u00e8re, Saguenay<\/a>. <span style=\"color: #000000;\">1900-1960<\/span><\/em><span style=\"color: #000000;\">, Presses de l&rsquo;Universit\u00e9 Laval, Qu\u00e9bec, 2005, 422 pages.  <\/span><\/p>\n<p><a href=\"http:\/\/www.pulaval.com\" target=\"_blank\">http:\/\/www.pulaval.com<\/a><\/p>\n<p><span style=\"color: #cc4c11;\"><span style=\"color: #000000;\">Camil Girard et Normand Perron,<\/span> <span style=\"color: #000000;\"><em>Histoire du Saguenay-Lac-Saint-Jean<\/em>,<\/span> <span style=\"color: #000000;\">Qu\u00e9bec, Institut qu\u00e9b\u00e9cois de recherche sur la culture (IQRC)\/Presses de l&rsquo;Universit\u00e9 Laval, 1995 (\u00e9d. originale 1989), 665 pages. (Certificat de m\u00e9rite, Soci\u00e9t\u00e9 historique du Canada : 1990).<\/span> <span style=\"color: #000000;\">[Histoire r\u00e9gionale (Regional History)]<\/span><\/span><\/p>\n<p>Voir la collection Histoire du Qu\u00e9bec et de ses r\u00e9gions aux Presses de l&rsquo;Universit\u00e9 Laval (IQRC), sous la direction de Normand Perron.<\/p>\n<p><a href=\"http:\/\/www.pulaval.com\" target=\"_blank\">http:\/\/www.pulaval.com<\/a><\/p>\n<p><span style=\"color: #cc4c11;\"><span style=\"color: #000000;\">D\u00e9sy, Jean, Camil Girard, Gilles H. Lemieux et Alain Nepton.<\/span> <span style=\"color: #000000;\"><em>Le potentiel r\u00e9cr\u00e9otouristique du Moyen-Nord au Qu\u00e9bec. L&rsquo;axe des Monts Valin &#8211; Monts Otish (Saguenay-Lac-Saint-Jean)<\/em><\/span><span style=\"color: #000000;\">, Groupe de recherches et d&rsquo;interventions r\u00e9gionales (GRIR) incluant une \u00e9dition sur c\u00e9d\u00e9rom : texte int\u00e9gral et cartes, Chicoutimi, juin 2004, 290 pages.  <\/span><\/span><\/p>\n<p><span style=\"color: #000000;\"><em>Encyclobec<\/em>. Page Web sur l\u2019histoire des r\u00e9gions du Qu\u00e9bec. Projet R\u00e9seau, INRS, Culture et Soci\u00e9t\u00e9<\/span> <span style=\"color: #000000;\">(Normand Perron, responsable) et 6 r\u00e9gions du Qu\u00e9bec. Camil Girard, GRH-UQAC, responsable pour<\/span> la r\u00e9gion du<span style=\"color: #000000;\"> Saguenay\u2013Lac-Saint-Jean. Depuis 2004 : <a href=\"http:\/\/www.encyclobec.ca\/main.php?loadlist=1&amp;region=16&amp;navcolor=blue&amp;regiontype=Historical\">http:\/\/www.encyclobec.ca\/<\/a><\/span><\/p>\n<p>Girard, Camil et Laval Gagnon, \u00ab <a href=\"http:\/\/www.uqac.ca\/revueot\/anciens_numeros\/revue-organisations_vol-13-2_printemps-ete-2004.pdf\">Regard sur l&rsquo;avenir des r\u00e9gions nordiques<\/a> \u00bb dans <em>Organisations et territoires. R\u00e9flexion sur la gestion, l&rsquo;innovation et l&rsquo;entrepreneurship<\/em>, revue conjointe de l&rsquo;Universit\u00e9 du Qu\u00e9bec \u00e0 Chicoutim, de Valorisation-Recherche Qu\u00e9bec, du Centre de recherche sur le d\u00e9veloppement territorial (CRDT) et du minist\u00e8re des R\u00e9gions, vol. 13, no. 2, printemps-\u00e9t\u00e9 2004, p. 31-37.<\/p>\n<p><span style=\"color: #000000; font-size: medium;\">Camil Girard, Marc-Andr\u00e9 Bourassa, Gervais Tremblay. <em>Les Innus de Mashteuiatsh et la trappe aux castors sur la rivi\u00e8re P\u00e9ribonka, <\/em>Chicoutimi, GRIR, UQAC, 2003, 255 p. Pour plus d&rsquo;informations, <a href=\"http:\/\/grir.uqac.ca\/articles.php?lng=fr&amp;pg=59\">cliquez ici<\/a>. <\/span><\/p>\n<p>Camil Girard, Christiane Grenon, sous la direction, <span style=\"color: #000000;\"><em>Le <\/em><\/span><span style=\"color: #ff0000;\"><span style=\"color: #000000;\"><em>Journal de Joseph-Laurent Normandin en 1732 <\/em><\/span><span style=\"color: #000000;\">(en ligne)<\/span><\/span><span style=\"color: #000000;\">. Document<\/span> in\u00e9dit sur la r\u00e9gion du Saguenay en 1732 : description du territoire innu, toponymie, etc., GRH-UQAC. Pour ouvrir avec Acrobat Reader, <a href=\"https:\/\/www.uqac.ca\/grh\/wp-content\/uploads\/2012\/07\/journal-normandin1.pdf\">cliquez ici.<\/a><\/p>\n<p>Camil Girard et Gervais Tremblay, \u00ab <span style=\"color: #ff0000;\"><span style=\"color: #000000;\">Histoire et d\u00e9veloppement des \u00e9conomies r\u00e9gionales. Gestion des ressources naturelles, gestion des catastrophes<\/span> <span style=\"color: #000080;\">\u00bb<\/span><\/span> dans <em>Une r\u00e9gion dans la turbulence<\/em>, Collectif sur le d\u00e9luge au Saguenay 1996, Presses de l&rsquo;Universit\u00e9 du Qu\u00e9bec, 1998, p. 207.<\/p>\n<p>Camil Girard, <em>Gestion priv\u00e9e et publique de nos ressources naturelles<\/em>.<em> Perspective historique<\/em>, m\u00e9moire pr\u00e9sent\u00e9 devant les membres de la Commission scientifique et technique sur la gestion des barrages (r\u00e9gion Saguenay-Lac-Saint-Jean), Jonqui\u00e8re, 9 octobre 1996. <a href=\"https:\/\/www.uqac.ca\/grh\/wp-content\/uploads\/2012\/07\/nicolet2.htm\">Texte int\u00e9gral<\/a>.<\/p>\n<p>\u00ab <em>Un royaume sans roi. Le Saguenay-Lac-Saint-Jean, des origines \u00e0 1900<\/em> \u00bb dans la collection <em>Les pays du Qu\u00e9bec<\/em>, s\u00e9rie III, Alain Corneau, r\u00e9alisateur, Production Chasse Galerie inc., Coproduction Synercom T\u00e9l\u00e9productions, 1996. Disponible via le C\u00e9gep de Jonqui\u00e8re.<\/p>\n<p>\u00ab <em>Du pays imaginaire au pays r\u00e9el. Le Saguenay-Lac-Saint-Jean au 20e si\u00e8cle <\/em>\u00bb dans la collection <em>Les pays du Qu\u00e9bec<\/em>, s\u00e9rie III, Alain Corneau, r\u00e9alisateur, Production Chasse Galerie inc., Coproduction Synercom T\u00e9l\u00e9productions, 1996.<\/p>\n<p>Camil Girard, dir., <em>Le Saguenay Lac-Saint-Jean en 1850<\/em>. Rapport sp\u00e9cial de Jacques Cr\u00e9mazie, Jonqui\u00e8re, \u00c9ditions Sagamie\/Qu\u00e9bec, 1988, 65 pages. Publication disponible en ligne dans Les Classiques des sciences sociales de l\u2019Universit\u00e9 du Qu\u00e9bec \u00e0 Chicoutimi : <a href=\"http:\/\/classiques.uqac.ca\">http:\/\/classiques.uqac.ca<\/a><\/p>\n<p>Camil Girard, \u00ab Histoire et r\u00e9gion, l&rsquo;industrie foresti\u00e8re du Nord-Est qu\u00e9b\u00e9cois 1850-1930\u00bb, dans <em>Histoire sociale \/ Social History<\/em>, vol. XXII, no. 43, mai 1989, pp. 121-143 (publi\u00e9 en f\u00e9vrier 1990).<\/p>\n<p>Camil Girard, dir., Gervais Tremblay et Raynald Tremblay. <em><span style=\"color: #000000;\">\u00ab Donn\u00e9es sur le climat du Nord-Est qu\u00e9b\u00e9cois<\/span><span style=\"color: #ff0000;\"> <span style=\"color: #000000;\">\u00bb<\/span><\/span><\/em>, <em>Le Canadien<\/em>, GRH et UQAC, 1992. Collection de 5 documents, biblioth\u00e8que de l&rsquo;UQAC. Documents pr\u00e9par\u00e9s pour le Bedford Institute of Oceanography, Halifax.<\/p>\n<p>Document no 1 : <em>Le Canadien<\/em> 1807-1849, Chicoutimi (UQAC), \u00c9d. GRH, 1992, 354 pages.<\/p>\n<p>Document no 2 : <em>Le Canadien<\/em> 1850-1865, Chicoutimi (UQAC), \u00c9d. GRH, 1992, 423 pages.<\/p>\n<p>Document no 3 : <em>Le Canadien<\/em> 1866-1887, Chicoutimi (UQAC), \u00c9d. GRH, 1992, 509 pages.<\/p>\n<p>Document no 4 : <em>Le Progr\u00e8s du Saguenay<\/em>, 1887-1914, Chicoutimi (UQAC), \u00c9d. GRH, 1992, 258 pages.<\/p>\n<p>Document no 5 : <em>Varia Saguenayensia<\/em>, 1871-1898, Chicoutimi (UQAC), \u00c9d. GRH, 1992, 92 pages.<\/p>\n","protected":false},"excerpt":{"rendered":"<p>Girard Camil et Gervais Tremblay. Le Grand-Br\u00fbl\u00e9. R\u00e9cits de vie et histoire d&rsquo;un village au Qu\u00e9bec. Laterri\u00e8re, Saguenay. 1900-1960, Presses de l&rsquo;Universit\u00e9 Laval, Qu\u00e9bec, 2005, 422 pages. http:\/\/www.pulaval.com Camil Girard et Normand Perron, Histoire du Saguenay-Lac-Saint-Jean, Qu\u00e9bec, Institut qu\u00e9b\u00e9cois de &hellip; <a href=\"https:\/\/www.uqac.ca\/grh\/histoire-regionale-regional-history\/\">Continuer la lecture <span class=\"meta-nav\">&rarr;<\/span><\/a><\/p>\n","protected":false},"author":2,"featured_media":0,"parent":0,"menu_order":0,"comment_status":"closed","ping_status":"open","template":"","meta":{"footnotes":""},"_links":{"self":[{"href":"https:\/\/www.uqac.ca\/grh\/wp-json\/wp\/v2\/pages\/66"}],"collection":[{"href":"https:\/\/www.uqac.ca\/grh\/wp-json\/wp\/v2\/pages"}],"about":[{"href":"https:\/\/www.uqac.ca\/grh\/wp-json\/wp\/v2\/types\/page"}],"author":[{"embeddable":true,"href":"https:\/\/www.uqac.ca\/grh\/wp-json\/wp\/v2\/users\/2"}],"replies":[{"embeddable":true,"href":"https:\/\/www.uqac.ca\/grh\/wp-json\/wp\/v2\/comments?post=66"}],"version-history":[{"count":64,"href":"https:\/\/www.uqac.ca\/grh\/wp-json\/wp\/v2\/pages\/66\/revisions"}],"predecessor-version":[{"id":99,"href":"https:\/\/www.uqac.ca\/grh\/wp-json\/wp\/v2\/pages\/66\/revisions\/99"}],"wp:attachment":[{"href":"https:\/\/www.uqac.ca\/grh\/wp-json\/wp\/v2\/media?parent=66"}],"curies":[{"name":"wp","href":"https:\/\/api.w.org\/{rel}","templated":true}]}}