{"id":68,"date":"2012-07-04T20:48:49","date_gmt":"2012-07-04T19:48:49","guid":{"rendered":"http:\/\/www.uqac.ca\/grh\/?page_id=68"},"modified":"2014-04-14T21:21:10","modified_gmt":"2014-04-15T01:21:10","slug":"histoire-autochtone-et-revendications","status":"publish","type":"page","link":"https:\/\/www.uqac.ca\/grh\/histoire-autochtone-et-revendications\/","title":{"rendered":"Histoire autochtone et revendications"},"content":{"rendered":"<p>Camil Girard, Jacques Kurtness, <em>Premier trait\u00e9 de l\u2019histoire de la Nouvelle-France en Am\u00e9rique. <\/em><em>L\u2019alliance de 1603 (Tadoussac) et la souverainet\u00e9 partag\u00e9e des peuples autochtones du Qu\u00e9bec<\/em>, Le Groupe international de travail pour les peuples autochtones (GITPA), 2012.<\/p>\n<p><a href=\"https:\/\/www.uqac.ca\/grh\/wp-content\/uploads\/2012\/07\/Alliance1603CGirardJKurtPhotos.docx\">Alliance1603CGirardJKurtPhotos<\/a><\/p>\n<p>Pour consultation en ligne voir le site en ligne : GITPA, Girard, Kurtness, Alliance 1603.<\/p>\n<p><strong><\/strong>D&rsquo;Avignon Mathieu et Girard Camil. <em><a href=\"http:\/\/www.pulaval.com\/catalogue\/oublie-que-jadis-nous-etions-freres-9291.html\">A-t-on oubli\u00e9 que jadis nous \u00e9tions \u00ab\u00a0fr\u00e8res\u00a0\u00bb? Alliances fondatrices et reconnaissance des peuples autochtones dans l&rsquo;histoire du Qu\u00e9bec<\/a>, <\/em>Presse de l&rsquo;Universit\u00e9 Laval, Qu\u00e9bec, 2009, 192 pages<em>.<\/em><\/p>\n<p><a href=\"http:\/\/www.un.org\/esa\/socdev\/unpfii\/documents\/DRIPS_fr.pdf\">D\u00e9claration des Nations unies sur les droits des peuples autochtones<\/a> (13 septembre 2010).<\/p>\n<p>Silvio Marcus de Souza Correa et Camil Girard, \u00ab La Circulation des personnes dans le cadre des alliances franco-am\u00e9rindiennes : le don, l&rsquo;adoption et l&rsquo;enl\u00e8vement au Br\u00e9sil et au Canada XVe-XVIIe si\u00e8cles \u00bb, dans<em> LITTORAL,<\/em> no 1, automne 2006, C\u00e9gep de Sept-\u00celes, Sept-\u00celes, Canada, p. 27 \u00e0 40. Disponible en format pdf : <a href=\"https:\/\/www.uqac.ca\/grh\/wp-content\/uploads\/2012\/07\/littoral-automne-2006a.pdf\">Littoral automne 2006a<\/a><\/p>\n<p><span style=\"color: #000000;\">Camil Girard, Camil Girard, <span style=\"color: #000080;\"><span style=\"color: #000000;\">\u00ab <\/span><\/span><\/span><span style=\"color: #000080;\"><span style=\"color: #000000;\">El Enfoque Com\u00fan (Approche commune) : reconocimiento de los derechos ancestrales y del t\u00edtulo ancestral de los Inn\u00faes (Qu\u00e9bec, Canad\u00e1). La marcha hacia un tratado moderno que se inscribe en la historia de Qu\u00e9bec y Canad\u00e1 (1603-1975),<\/span> <\/span>\u00bb<span style=\"color: #000000;\"> dans Pablo Yanes, Virginia Molina et Oscar Gonzalez, dir., <em>El triple desafio : derechos, instituciones y politicas para la ciudad pluricultural<\/em>, Mexico, Gobierno del Distrito Federal, Secretaria de Desarrollo Social, 2006, pp. 371-418. <\/span><\/p>\n<p>Disponible en format pdf : <a href=\"https:\/\/www.uqac.ca\/grh\/wp-content\/uploads\/2012\/07\/YanesTripledesafiomexico2006.pdf\">YanesTripledesafiomexico2006<\/a><\/p>\n<p><span style=\"color: #cc4c11;\"><span style=\"color: #000000;\">Girard, Camil et Mathieu D&rsquo;Avignon, \u00ab<\/span> <span style=\"color: #000000;\">Samuel de Champlain et les 1\u00e8res alliances franco-am\u00e9rindiennes (1603-1635). \u00c0 propos de transferts culturels<\/span> <span style=\"color: #000000;\">\u00bb dans <em>Saguenayensia<\/em>, vol. 47, no 1, Chicoutimi, janvier-mars 2005, p. 69. <\/span><\/span><\/p>\n<p><span style=\"color: #000000;\">Girard, Camil Gi<\/span>rard. <em style=\"color: #cc4c11;\">\u00ab <\/em>Acercamiento hist\u00f3rico a los pueblos aut\u00f3chtonos en Canad\u00e1: territorio y autonomia gubernamental de los innu monta\u00f1eses del nordeste de Qu\u00e9bec desde 1603 hasta nuestro<span style=\"color: #000000;\">s dias<em style=\"color: #cc4c11;\"> \u00bb <\/em>dans<\/span><em style=\"color: #cc4c11;\"><span style=\"color: #000000;\"> Resoluci\u00f3n noviolenta de conflictos. En sociedades ind\u00edgenas y minor\u00edas,<\/span> <\/em><span style=\"color: #000000;\">\u00darsula Oswald Spring, Editora, El Colegio de Tlaxcala A.C., Cuernavaca, UAEM, CLAIP, 2004, p. 117.<\/span><\/p>\n<p><span style=\"color: #cc4c11;\"><span style=\"color: #000000;\">Camil Girard.<\/span> <em><span style=\"color: #000000;\">\u00ab<\/span> <\/em><span style=\"color: #ff0000;\"><span style=\"color: #000000;\">La<\/span> <span style=\"color: #000000;\">premi\u00e8re alliance franco-am\u00e9rindienne<\/span> <span style=\"color: #000000;\">de 1603&#8230; Premi\u00e8res Nations<\/span> <span style=\"color: #000000;\">et r\u00e9vision des mythes fondateurs<\/span><\/span><em><span style=\"color: #000000;\"> \u00bb<\/span> <\/em><span style=\"color: #000000;\">dans<\/span> <em><span style=\"color: #000000;\">Le GRIR. 20 ans de recherche et d&rsquo;intervention pour le d\u00e9veloppement local et r\u00e9gional,<\/span> <\/em><span style=\"color: #000000;\">Groupe de recherches et d&rsquo;interventions r\u00e9gionales (GRIR), Chicoutimi, septembre 2003.<\/span><\/span><\/p>\n<p>Camil Girard, \u00ab Un document in\u00e9dit sur les droits territoriaux. Le prot\u00eat des Innus du comt\u00e9 Saguenay en 1851 \u00bb dans <em>Saguenayensia<\/em>, Chicoutimi, vol. 45, no 1, janvier-mars 2003, pp 35-42.<\/p>\n<p>Camil Girard et Normand Perron, <em>Histoire du Saguenay-Lac-Saint-Jean<\/em>, (voir chapitres 2 et 3 du volume qui traitent du territoire et du pays innu).<\/p>\n<p>Camil Girard et \u00c9dith Gagn\u00e9, \u00ab Premi\u00e8re alliance interculturelle. Rencontre entre Montagnais et Fran\u00e7ais \u00e0 Tadoussac en 1603 \u00bb dans <em>Recherches am\u00e9rindiennes au Qu\u00e9bec<\/em>, vol. XXXV, no 3, Qu\u00e9bec,1995. Disponible en <a href=\"https:\/\/www.uqac.ca\/grh\/wp-content\/uploads\/2012\/07\/AllianceText1.pdf\">format PDF<\/a>.<\/p>\n<p>Camil Girard et \u00c9dith Gagn\u00e9, <span style=\"color: #000000;\"><em>Premi\u00e8re alliance interculturelle. Rencontre entre Montagnais et Fran\u00e7ais \u00e0 Tadoussac en 1603<\/em><\/span>, Chicoutimi, GRH\/UQAC, \u00c9dition Mus\u00e9e de Mashteuiatsh, 1995, 311 pages. Document de recherche # 2.<\/p>\n<p>Camil Girard et \u00c9dith Gagn\u00e9, <span style=\"color: #000000;\"><em>Le r\u00e9gime fran\u00e7ais. Trait\u00e9s. Chartes de compagnies. Lettres patentes<\/em><\/span>, Chicoutimi, GRH\/UQAC, \u00c9dition Mus\u00e9e de Mashteuiatsh, 1995, 336 pages. Document de recherche # 1.<\/p>\n<p>Camil Girard, Marc-andr\u00e9 Bourassa, Gervais Tremblay, <span style=\"color: #000000;\"><em>La trappe aux castors sur la rivi\u00e8re P\u00e9ribonka par les Ilnu de Mashteuiatsh<\/em>,<\/span> document de recherche d\u00e9pos\u00e9 au BAPE, 26 juin 2001.<\/p>\n<p>Document publi\u00e9 et disponible au GRIR-UQAC (<a href=\"http:\/\/grir.uqac.ca\/\">http:\/\/grir.uqac.ca\/<\/a>).<\/p>\n<p><em>Droits ancestraux et histoire. Les Ilnus \/ Montagnais au Qu\u00e9bec<\/em>, Camil Girard, historien, codirecteur ARUC\/UQAC, Denis Bourque, avocat, prof. UQAC, Denis Gill, Conseil tribal Mamuitun, Carl Brisson, g\u00e9ographe UQAC, Chicoutimi 10 nov. 2000. S&rsquo;ouvre avec Power Point, <a href=\"https:\/\/www.uqac.ca\/grh\/wp-content\/uploads\/2012\/07\/girard.ppt\">cliquez ici<\/a>.<strong><span style=\"font-family: Verdana, Arial, Helvetica, sans-serif; font-size: medium;\"> <\/span><\/strong><\/p>\n<p>Camil Girard, Christiane Grenon, sous la direction de, <span style=\"color: #000000;\"><em>Le <\/em><em>Journal de Joseph-Laurent Normandin en 1732<\/em>. <\/span>Document in\u00e9dit sur la r\u00e9gion du Saguenay en 1732 : description du territoire innu, toponymie, etc., GRH-UQAC. Pour ouvrir avec Acrobat Reader, <a href=\"https:\/\/www.uqac.ca\/grh\/wp-content\/uploads\/2012\/07\/journal-normandin3.pdf\">cliquez ici<\/a>.<\/p>\n<p><span style=\"text-decoration: underline;\"><strong>Autres sites int\u00e9ressants \u00e0 consulter<\/strong><\/span><strong> <\/strong>:<\/p>\n<p><span style=\"color: #000000;\">Alliance de recherche universit\u00e9-communaut\u00e9 monts Valin-monts Otish : <\/span><a href=\"http:\/\/www.uqac.ca\/aruc\/\">http:\/\/www.uqac.ca\/aruc\/<\/a><\/p>\n<p>Native law center of Canada : <a href=\"http:\/\/www.usask.ca\/nativelaw\/\">http:\/\/www.usask.ca\/nativelaw\/<\/a><\/p>\n","protected":false},"excerpt":{"rendered":"<p>Camil Girard, Jacques Kurtness, Premier trait\u00e9 de l\u2019histoire de la Nouvelle-France en Am\u00e9rique. L\u2019alliance de 1603 (Tadoussac) et la souverainet\u00e9 partag\u00e9e des peuples autochtones du Qu\u00e9bec, Le Groupe international de travail pour les peuples autochtones (GITPA), 2012. Alliance1603CGirardJKurtPhotos Pour consultation &hellip; <a href=\"https:\/\/www.uqac.ca\/grh\/histoire-autochtone-et-revendications\/\">Continuer la lecture <span class=\"meta-nav\">&rarr;<\/span><\/a><\/p>\n","protected":false},"author":2,"featured_media":0,"parent":0,"menu_order":0,"comment_status":"closed","ping_status":"open","template":"","meta":{"footnotes":""},"_links":{"self":[{"href":"https:\/\/www.uqac.ca\/grh\/wp-json\/wp\/v2\/pages\/68"}],"collection":[{"href":"https:\/\/www.uqac.ca\/grh\/wp-json\/wp\/v2\/pages"}],"about":[{"href":"https:\/\/www.uqac.ca\/grh\/wp-json\/wp\/v2\/types\/page"}],"author":[{"embeddable":true,"href":"https:\/\/www.uqac.ca\/grh\/wp-json\/wp\/v2\/users\/2"}],"replies":[{"embeddable":true,"href":"https:\/\/www.uqac.ca\/grh\/wp-json\/wp\/v2\/comments?post=68"}],"version-history":[{"count":54,"href":"https:\/\/www.uqac.ca\/grh\/wp-json\/wp\/v2\/pages\/68\/revisions"}],"predecessor-version":[{"id":828,"href":"https:\/\/www.uqac.ca\/grh\/wp-json\/wp\/v2\/pages\/68\/revisions\/828"}],"wp:attachment":[{"href":"https:\/\/www.uqac.ca\/grh\/wp-json\/wp\/v2\/media?parent=68"}],"curies":[{"name":"wp","href":"https:\/\/api.w.org\/{rel}","templated":true}]}}