{"id":70,"date":"2012-07-04T20:49:05","date_gmt":"2012-07-04T19:49:05","guid":{"rendered":"http:\/\/www.uqac.ca\/grh\/?page_id=70"},"modified":"2013-06-05T22:28:31","modified_gmt":"2013-06-06T02:28:31","slug":"migration-des-jeunes","status":"publish","type":"page","link":"https:\/\/www.uqac.ca\/grh\/migration-des-jeunes\/","title":{"rendered":"Migration des jeunes"},"content":{"rendered":"<p align=\"left\"><span style=\"color: #cc4c11;\"><span style=\"color: #000000;\">\u00c9quipe de recherche dirig\u00e9e par Madeleine Gauthier \u00e0 l&rsquo;INRS-Culture et Soci\u00e9t\u00e9, le Groupe Migration des jeunes a favoris\u00e9 le d\u00e9veloppement de la recherche sur la sociologie de la jeunesse adulte (18-34 ans) avec une \u00e9quipe pluridisciplinaire regroupant des professeurs et chercheurs du r\u00e9seau des Universit\u00e9s du Qu\u00e9bec, de l&rsquo;universit\u00e9 de Sherbrooke, de l&rsquo;universit\u00e9 Laval, etc. L&rsquo;\u00e9quipe a publi\u00e9 de nombreux articles et organis\u00e9 des colloques tant au Qu\u00e9bec qu&rsquo;\u00e0 l&rsquo;\u00e9chelle internationale.<\/span><\/span><\/p>\n<p align=\"left\">Voir le site Observatoire Jeunes et Soci\u00e9t\u00e9 (OJS) : <a href=\"http:\/\/www.obsjeunes.qc.ca\/\">http:\/\/www.obsjeunes.qc.ca\/<\/a><\/p>\n<p align=\"left\">Rapport tir\u00e9 d\u2019un sondage men\u00e9 par l\u2019\u00c9quipe migration des Jeunes (INRS-Culture et Soci\u00e9t\u00e9, dirig\u00e9e par Madeleine Gauthier). Il traite de la migration des jeunes des Premi\u00e8res Nations du Qu\u00e9bec, Innus (Montagnais), Attikamekw, et Algonquins. <a href=\"https:\/\/www.uqac.ca\/grh\/wp-content\/uploads\/2012\/07\/MigrationRapAutochtonesFinal-2007.04.18.pdf\">MigrationRapAutochtonesFinal-2007.04.18<\/a><\/p>\n<p align=\"left\"><span style=\"color: #cc4c11;\"><span style=\"color: #000000;\">Camil Girard, St\u00e9phanie Garneau et Lucie Fr\u00e9chette, sous la direction de Patrice Leblanc et Marc Molgat.<em> \u00ab <\/em><\/span><a href=\"http:\/\/wwwens.uqac.ca\/dsh\/\/grh\/oeuvres\/migfront.htm\">On ne part jamais seul : espace et construction identitaire chez les jeunes migrants au Qu\u00e9bec<\/a><span style=\"color: #000000;\"><em> \u00bb <\/em>dans<em> La migration des jeunes. Aux fronti\u00e8res de l&rsquo;espace et du temps, <\/em>Les \u00c9ditions de l&rsquo;IQRC, Collection Culture et Soci\u00e9t\u00e9, Les Presses de l&rsquo;Universit\u00e9 Laval, Qu\u00e9bec, 2004, 315 pages.<\/span><\/span><\/p>\n<p>Camil Girard et Antoine N&rsquo;Tetu, \u00ab <a href=\"http:\/\/wwwens.uqac.ca\/dsh\/\/grh\/oeuvres\/valeursjeunes.htm\">La marge comme espace culturel : territoire, identit\u00e9 et communaut\u00e9 chez les jeunes migrants innus (montagnais) et attikamekw au Qu\u00e9bec<\/a> \u00bb <span style=\"color: #000000;\">dans<em> Les valeurs des jeunes, <\/em>sous la direction de Gilles Pronovost et Chantal Royer, Les Presses de l&rsquo;Universit\u00e9 du Qu\u00e9bec, Qu\u00e9bec, 2004, 253 pages.<\/span><\/p>\n<p><span style=\"color: #cc4c11;\"><span style=\"color: #000000;\">Myriam Simard, en collaboration avec Lucie P\u00e9pin et<\/span> <span style=\"color: #000000;\">Camil Girard<\/span>. <span style=\"color: #000000;\">\u00ab<em> <\/em>Le lien avec la famille imm\u00e9diate et la parent\u00e9 dans la vie de jeunes adultes qu\u00e9b\u00e9cois n\u00e9s de parents immigrants install\u00e9s en r\u00e9gion<em> <\/em>\u00bb<em> <\/em>dans<em> Les valeurs des jeunes, <\/em>sous la direction de Gilles Pronovost et Chantal Royer, Les Presses de l&rsquo;Universit\u00e9 du Qu\u00e9bec, Qu\u00e9bec, 2004, 253 pages.<\/span><\/span><\/p>\n<p>Patrice LeBlanc, <span style=\"color: #000000;\">Camil Girard<\/span>, Serge C\u00f4t\u00e9 et Dominique Potvin. \u00ab <a href=\"http:\/\/wwwens.uqac.ca\/dsh\/\/grh\/oeuvres\/recherchessoc.htm\">La migration des jeunes et le d\u00e9veloppement r\u00e9gional dans le croissant p\u00e9ri-nordique du Qu\u00e9bec<\/a> \u00bb dans <em>Recherches sociographiques<\/em>, D\u00e9partement de sociologie, Universit\u00e9 Laval, Qu\u00e9bec, 201 pages.<\/p>\n<p>Patrice LeBlanc et <span style=\"color: #000000;\">Camil Girard<\/span>, \u00ab<span style=\"color: #ff3300;\"><a href=\"http:\/\/wwwens.uqac.ca\/dsh\/\/grh\/oeuvres\/action.htm\"> La dynamique migratoire des jeunes au Qu\u00e9bec. Le croissant p\u00e9ri-nordique de l&rsquo;Abitibi-T\u00e9miscamingue, du Saguenay-Lac-Saint-Jean et du Bas Saint-Laurent<\/a><\/span> \u00bb dans <em>L&rsquo;Action Nationale<\/em>, vol. XCI, no. 5, mai 2001, p. 216.<\/p>\n<p>Camil Girard, \u00ab<em> <\/em><a href=\"http:\/\/wwwens.uqac.ca\/dsh\/\/grh\/oeuvres\/pourquoipartir.html\">Le choc des cultures dans le ph\u00e9nom\u00e8ne migratoire : une \u00e9tude de cas<\/a><em> <\/em>\u00bb<em> <\/em>dans<em> Pourquoi partir? La migration des jeunes d&rsquo;hier et d&rsquo;aujourd&rsquo;hui<\/em>, Les \u00c9ditions de l&rsquo;IQRC, collection Culture et Soci\u00e9t\u00e9, Qu\u00e9bec, 1997, 257 pages.<\/p>\n<p>Camil Girard, \u00ab <span style=\"color: #000000;\">Identit\u00e9 et appartenance. Lieux d&rsquo;origine des jeunes migrants qu\u00e9b\u00e9cois \u00bb,<\/span> Qu\u00e9bec, ACFAS, 13 mai 1998, 20 pages.<\/p>\n<h1><span style=\"color: #000000;\"><span style=\"font-size: small;\">Quelques faits saillants concernant la migration des jeunes au Saguenay-Lac-Saint-Jean<\/span>,<\/span> <a href=\"http:\/\/wwwens.uqac.ca\/dsh\/\/grh\/oeuvres\/faitsaillants.html\">cliquez ici<\/a>.<\/h1>\n","protected":false},"excerpt":{"rendered":"<p>\u00c9quipe de recherche dirig\u00e9e par Madeleine Gauthier \u00e0 l&rsquo;INRS-Culture et Soci\u00e9t\u00e9, le Groupe Migration des jeunes a favoris\u00e9 le d\u00e9veloppement de la recherche sur la sociologie de la jeunesse adulte (18-34 ans) avec une \u00e9quipe pluridisciplinaire regroupant des professeurs et &hellip; <a href=\"https:\/\/www.uqac.ca\/grh\/migration-des-jeunes\/\">Continuer la lecture <span class=\"meta-nav\">&rarr;<\/span><\/a><\/p>\n","protected":false},"author":2,"featured_media":0,"parent":0,"menu_order":0,"comment_status":"closed","ping_status":"open","template":"","meta":{"footnotes":""},"_links":{"self":[{"href":"https:\/\/www.uqac.ca\/grh\/wp-json\/wp\/v2\/pages\/70"}],"collection":[{"href":"https:\/\/www.uqac.ca\/grh\/wp-json\/wp\/v2\/pages"}],"about":[{"href":"https:\/\/www.uqac.ca\/grh\/wp-json\/wp\/v2\/types\/page"}],"author":[{"embeddable":true,"href":"https:\/\/www.uqac.ca\/grh\/wp-json\/wp\/v2\/users\/2"}],"replies":[{"embeddable":true,"href":"https:\/\/www.uqac.ca\/grh\/wp-json\/wp\/v2\/comments?post=70"}],"version-history":[{"count":20,"href":"https:\/\/www.uqac.ca\/grh\/wp-json\/wp\/v2\/pages\/70\/revisions"}],"predecessor-version":[{"id":109,"href":"https:\/\/www.uqac.ca\/grh\/wp-json\/wp\/v2\/pages\/70\/revisions\/109"}],"wp:attachment":[{"href":"https:\/\/www.uqac.ca\/grh\/wp-json\/wp\/v2\/media?parent=70"}],"curies":[{"name":"wp","href":"https:\/\/api.w.org\/{rel}","templated":true}]}}