{"id":72,"date":"2012-07-04T20:49:35","date_gmt":"2012-07-04T19:49:35","guid":{"rendered":"http:\/\/www.uqac.ca\/grh\/?page_id=72"},"modified":"2013-06-05T21:53:13","modified_gmt":"2013-06-06T01:53:13","slug":"histoire-orale-oral-history","status":"publish","type":"page","link":"https:\/\/www.uqac.ca\/grh\/histoire-orale-oral-history\/","title":{"rendered":"Histoire orale (Oral History)"},"content":{"rendered":"<p><span style=\"color: #cc6600; font-size: medium;\"><span style=\"color: #000000;\">Girard Camil et Gervais Tremblay.<\/span><a href=\"http:\/\/www.pulaval.com\/catalogue\/grand-brule-recits-vie-histoire-village-4178.html\"> <em>Le Grand-Br\u00fbl\u00e9. R\u00e9cits de vie et histoire d&rsquo;un village au Qu\u00e9bec. Laterri\u00e8re, Saguenay. 1900-1960<\/em>,<\/a> <span style=\"color: #000000;\">Presses de l&rsquo;Universit\u00e9 Laval, Qu\u00e9bec, 2005, 422 pages.<\/span><\/span><\/p>\n<p>Camil Girard, \u00ab <span style=\"color: #000000;\">Les r\u00e9cits de vie. \u00c0 la red\u00e9couverte des cultures<\/span> \u00bb,<em> <\/em>dans <em>R\u00e9seau<\/em>, vol. 29, num\u00e9ro 6, mars 1998. <a href=\"http:\/\/www.uquebec.ca\/mag\/mag98_03\/doss.html\">Disponible en ligne ici<\/a>.<\/p>\n<p>Camil Girard, <em>Culture et dynamique interculturelle. Trois femmes et trois hommes t\u00e9moignent de leur vie<\/em>, Chicoutimi, Les \u00c9ditions JCL, Collection: INTERCULTURE, 1997, 431 pages. Publication disponible en ligne dans Les Classiques des sciences sociales de l\u2019Universit\u00e9 du Qu\u00e9bec \u00e0 Chicoutimi : <a href=\"http:\/\/classiques.uqac.ca\/contemporains\/girard_camil\/culture_dynamique_interculturelle\/culture_dynamique_interculturelle.html\">http:\/\/classiques.uqac.ca<\/a><\/p>\n<p>Montagnais-e (Innus), Qu\u00e9b\u00e9cois-e et N\u00e9o-Qu\u00e9b\u00e9cois-e t\u00e9moignent de leur vie et montrent les limites des dynamiques interculturelles (intra, inter et trans &#8211; culturels) qui sont v\u00e9cues au Qu\u00e9bec par des porteurs de cultures, acteurs de leur devenir. Publication disponible en ligne dans Les Classiques des sciences sociales de l\u2019Universit\u00e9 du Qu\u00e9bec \u00e0 Chicoutimi : <a href=\"http:\/\/classiques.uqac.ca\/\">http:\/\/classiques.uqac.ca\/<\/a><\/p>\n<p>Anne-Marie Sim\u00e9on, Camil Girard, <em>Un monde autour de moi. T\u00e9moignage d&rsquo;une Montagnaise. Uikutshikatishun. Ilnushkueu utipatshimun<\/em>, Chicoutimi, Les \u00c9ditions JCL, Collection: INTERCULTURE, 1997, 224 pages. [Histoire orale (Oral History)]. Publication disponible en ligne dans Les Classiques des sciences sociales de l\u2019Universit\u00e9 du Qu\u00e9bec \u00e0 Chicoutimi : <a href=\"http:\/\/classiques.uqac.ca\/contemporains\/girard_camil\/monde_autour_de_moi\/monde_autour_de_moi.html\">http:\/\/classiques.uqac.ca\/<\/a><\/p>\n<p>Harry Kurtness, Camil Girard, <em>La prise en charge. T\u00e9moignage d&rsquo;un Montagnais. Tipelimitishun. Ilnu utipatshimun<\/em>, Chicoutimi, Les \u00c9ditions JCL, Collection: INTERCULTURE, 1997, 144 pages. [Histoire orale [Oral History)]. Publication disponible en ligne dans Les Classiques des sciences sociales de l\u2019Universit\u00e9 du Qu\u00e9bec \u00e0 Chicoutimi : <a href=\"http:\/\/classiques.uqac.ca\/contemporains\/girard_camil\/prise_en_charge\/prise_en_charge.html\">http:\/\/classiques.uqac.ca\/<\/a><\/p>\n<p>Camil Girard et Burkhard Ortmann, <em>Guide d&rsquo;excursion et d&rsquo;interpr\u00e9tation du patrimoine. Des maisons et des hommes. Laterri\u00e8re<\/em>, Ville de Laterri\u00e8re et minist\u00e8re de la Culture et des Communications (QC), 1997, 96 pages. [Histoire orale (Oral History)]<\/p>\n<p>Publication disponible en ligne dans l&rsquo;Atlas du Saguenay-Lac-Saint-Jean.<\/p>\n<p>Camil Girard et Ga\u00ebtan Tremblay, dir., <em>Regards sur Laterri\u00e8re. Continuit\u00e9 et changement<\/em>, Ville de Laterri\u00e8re, 1996, 64 pages. [Histoire orale (Oral history)]<\/p>\n<p>Camil Girard et Normand Perron, <span style=\"color: #000000;\"><em>Guide d&rsquo;enqu\u00eate orale : Laterri\u00e8re. <\/em><\/span>Instrument de recherche, \u00c9dition Groupe de recherche sur l&rsquo;histoire (GRH), 2e \u00e9dition, 3e trimestre 1992, Chicoutimi, 168 pages.<\/p>\n<p><em>Culture et dynamique interculturelle. R\u00e9cits de vie de trois hommes et trois femmes au Qu\u00e9bec<\/em>, Ottawa, Commission royale sur les peuples autochtones, 1995, 565 pages\/Version CD-ROM, 1997.<\/p>\n<p><em>Culture and Intercultural Dynamics. The Life Stories of Three Men from Saguenay-Lac-Saint-Jean<\/em>, vol. I, Ottawa, Royal Commission on Aboriginal People, 1994, 328 pages. [Regional History (Histoire r\u00e9gionale)]<\/p>\n<p><em>Culture and Intercultural Dynamics. The Life Stories of Three Women from Saguenay-Lac-Saint-Jean<\/em>, vol. II, Ottawa, Royal Commission on Aboriginal People, 1994, 223 pages. [Regional History (Histoire r\u00e9gionale)]<\/p>\n<p>Camil Girard et Gervais Tremblay, <em>M\u00e9moires d&rsquo;un village. Laterri\u00e8re, Saguenay 1900-1960<\/em><a href=\"http:\/\/wwwens.uqac.ca\/dsh\/\/grh\/oeuvres\/memoirevillage.htm\" target=\"_self\">,<\/a> Chicoutimi, GRH\/UQAC, 1992, 168 pages.<\/p>\n","protected":false},"excerpt":{"rendered":"<p>Girard Camil et Gervais Tremblay. Le Grand-Br\u00fbl\u00e9. R\u00e9cits de vie et histoire d&rsquo;un village au Qu\u00e9bec. Laterri\u00e8re, Saguenay. 1900-1960, Presses de l&rsquo;Universit\u00e9 Laval, Qu\u00e9bec, 2005, 422 pages. Camil Girard, \u00ab Les r\u00e9cits de vie. \u00c0 la red\u00e9couverte des cultures \u00bb, &hellip; <a href=\"https:\/\/www.uqac.ca\/grh\/histoire-orale-oral-history\/\">Continuer la lecture <span class=\"meta-nav\">&rarr;<\/span><\/a><\/p>\n","protected":false},"author":2,"featured_media":0,"parent":0,"menu_order":0,"comment_status":"closed","ping_status":"open","template":"","meta":{"footnotes":""},"_links":{"self":[{"href":"https:\/\/www.uqac.ca\/grh\/wp-json\/wp\/v2\/pages\/72"}],"collection":[{"href":"https:\/\/www.uqac.ca\/grh\/wp-json\/wp\/v2\/pages"}],"about":[{"href":"https:\/\/www.uqac.ca\/grh\/wp-json\/wp\/v2\/types\/page"}],"author":[{"embeddable":true,"href":"https:\/\/www.uqac.ca\/grh\/wp-json\/wp\/v2\/users\/2"}],"replies":[{"embeddable":true,"href":"https:\/\/www.uqac.ca\/grh\/wp-json\/wp\/v2\/comments?post=72"}],"version-history":[{"count":33,"href":"https:\/\/www.uqac.ca\/grh\/wp-json\/wp\/v2\/pages\/72\/revisions"}],"predecessor-version":[{"id":113,"href":"https:\/\/www.uqac.ca\/grh\/wp-json\/wp\/v2\/pages\/72\/revisions\/113"}],"wp:attachment":[{"href":"https:\/\/www.uqac.ca\/grh\/wp-json\/wp\/v2\/media?parent=72"}],"curies":[{"name":"wp","href":"https:\/\/api.w.org\/{rel}","templated":true}]}}