{"id":74,"date":"2012-07-04T20:49:59","date_gmt":"2012-07-04T19:49:59","guid":{"rendered":"http:\/\/www.uqac.ca\/grh\/?page_id=74"},"modified":"2014-04-14T21:38:46","modified_gmt":"2014-04-15T01:38:46","slug":"premiere-guerre-mondiale-et-presse-ecrite","status":"publish","type":"page","link":"https:\/\/www.uqac.ca\/grh\/premiere-guerre-mondiale-et-presse-ecrite\/","title":{"rendered":"Premi\u00e8re Guerre mondiale et presse \u00e9crite"},"content":{"rendered":"<p>Camil Girard, <em>Question d&rsquo;Empire. Le <\/em>\u00ab Times \u00bb<em> de Londres et le Canada, 1908-1922<\/em>, pr\u00e9face de Claude Fohlen, Jonqui\u00e8re, \u00c9ditions Sagamie\/Qu\u00e9bec, 1988, 250 pages.<\/p>\n<p>Camil Girard, <em>Un pays fragile. Le <\/em>\u00ab<em> <\/em>Times<em> <\/em>\u00bb<em> de Londres et l&rsquo;image du Canada (1908-1922)<\/em>, Chicoutimi, \u00c9ditions JCL, Collection Interculture, 1994, 319 pages.<\/p>\n<p>Camil Girard, <em>Canada. A Country Divided. The <\/em>Times<em> of London and Canada 1908-1922<\/em>, Chicoutimi, Groupe de recherche et d&rsquo;intervention r\u00e9gionales (GRIR) Collection d\u00e9veloppement r\u00e9gional, Universit\u00e9 du Qu\u00e9bec \u00e0 Chicoutimi, 2001, 242 pages.<\/p>\n","protected":false},"excerpt":{"rendered":"<p>Camil Girard, Question d&rsquo;Empire. Le \u00ab Times \u00bb de Londres et le Canada, 1908-1922, pr\u00e9face de Claude Fohlen, Jonqui\u00e8re, \u00c9ditions Sagamie\/Qu\u00e9bec, 1988, 250 pages. Camil Girard, Un pays fragile. Le \u00ab Times \u00bb de Londres et l&rsquo;image du Canada (1908-1922), &hellip; <a href=\"https:\/\/www.uqac.ca\/grh\/premiere-guerre-mondiale-et-presse-ecrite\/\">Continuer la lecture <span class=\"meta-nav\">&rarr;<\/span><\/a><\/p>\n","protected":false},"author":2,"featured_media":0,"parent":0,"menu_order":0,"comment_status":"closed","ping_status":"open","template":"","meta":{"footnotes":""},"_links":{"self":[{"href":"https:\/\/www.uqac.ca\/grh\/wp-json\/wp\/v2\/pages\/74"}],"collection":[{"href":"https:\/\/www.uqac.ca\/grh\/wp-json\/wp\/v2\/pages"}],"about":[{"href":"https:\/\/www.uqac.ca\/grh\/wp-json\/wp\/v2\/types\/page"}],"author":[{"embeddable":true,"href":"https:\/\/www.uqac.ca\/grh\/wp-json\/wp\/v2\/users\/2"}],"replies":[{"embeddable":true,"href":"https:\/\/www.uqac.ca\/grh\/wp-json\/wp\/v2\/comments?post=74"}],"version-history":[{"count":7,"href":"https:\/\/www.uqac.ca\/grh\/wp-json\/wp\/v2\/pages\/74\/revisions"}],"predecessor-version":[{"id":829,"href":"https:\/\/www.uqac.ca\/grh\/wp-json\/wp\/v2\/pages\/74\/revisions\/829"}],"wp:attachment":[{"href":"https:\/\/www.uqac.ca\/grh\/wp-json\/wp\/v2\/media?parent=74"}],"curies":[{"name":"wp","href":"https:\/\/api.w.org\/{rel}","templated":true}]}}