{"id":9,"date":"2012-07-04T19:20:09","date_gmt":"2012-07-04T18:20:09","guid":{"rendered":"http:\/\/www.uqac.ca\/grh\/?page_id=9"},"modified":"2013-06-05T21:48:02","modified_gmt":"2013-06-06T01:48:02","slug":"projets","status":"publish","type":"page","link":"https:\/\/www.uqac.ca\/grh\/projets\/","title":{"rendered":"Projets"},"content":{"rendered":"<p>&#8211; P\u00eache traditionnelle et p\u00eache commerciale chez les peuples autochtones du Nord-Est qu\u00e9b\u00e9cois.<\/p>\n<p>&#8211; Paul Charest, universit\u00e9 Laval, Camil Girard, universit\u00e9 du Qu\u00e9bec \u00e0 Chicoutimi et Thierry Rodon, universit\u00e9 Carleton (CRSH 2004-2007)<\/p>\n<p>&#8211; Voir Projet de l&rsquo;Alliance de recherche universitaire communautaire (ARUC) : <span style=\"color: #ff0000;\"><span style=\"color: #333333;\"><a href=\"http:\/\/www.uqac.ca\/~aruc\/\">http:\/\/www.uqac.ca\/~aruc\/<\/a><\/span><\/span><\/p>\n<p><em>CRSH 2000-2004<\/em><\/p>\n<p>&#8211; Voir Projet Migration des jeunes : <a href=\"http:\/\/www.obsjeunes.qc.ca\/\">http:\/\/www.obsjeunes.qc.ca\/<\/a><\/p>\n<blockquote><p>CRSH 2002-2007, FRQSC 1995-2005<\/p><\/blockquote>\n<p>Colloque Action nationale (mai 2001) (s&rsquo;ouvre automatiquement en Power point avec Microsoft Explorer, <a href=\"https:\/\/www.uqac.ca\/grh\/wp-content\/uploads\/2012\/07\/LeBlanc-Girard1.ppt\">cliquez ici<\/a>).<\/p>\n<p><a href=\"https:\/\/www.uqac.ca\/grh\/wp-content\/uploads\/2012\/07\/actionc1.jpeg\"><img loading=\"lazy\" decoding=\"async\" class=\"aligncenter size-full wp-image-508\" title=\"Action nationale\" src=\"https:\/\/www.uqac.ca\/grh\/wp-content\/uploads\/2012\/07\/actionc1.jpeg\" alt=\"\" width=\"180\" height=\"245\" \/><\/a><\/p>\n<p align=\"left\">Inclut un texte de Patrice LeBlanc et <span style=\"color: #000000;\">Camil Girard<\/span>, \u00ab<span style=\"color: #000000;\"> La dynamique migratoire des jeunes au Qu\u00e9bec. Le croissant p\u00e9ri-nordique de l&rsquo;Abitibi-T\u00e9miscamingue, du Saguenay-Lac-Saint-Jean et du Bas Saint-Laurent <\/span>\u00bb dans <em>L&rsquo;Action nationale<\/em>, vol. XCI, no. 5, mai 2001, p. 23. Voir la table des mati\u00e8res ci-apr\u00e8s :<\/p>\n<p align=\"left\"><a href=\"https:\/\/www.uqac.ca\/grh\/wp-content\/uploads\/2012\/07\/actiontdm1.jpeg\"><img loading=\"lazy\" decoding=\"async\" class=\"aligncenter size-full wp-image-509\" title=\"Table des mati\u00e8res\" src=\"https:\/\/www.uqac.ca\/grh\/wp-content\/uploads\/2012\/07\/actiontdm1.jpeg\" alt=\"\" width=\"346\" height=\"559\" srcset=\"https:\/\/www.uqac.ca\/grh\/wp-content\/uploads\/2012\/07\/actiontdm1.jpeg 346w, https:\/\/www.uqac.ca\/grh\/wp-content\/uploads\/2012\/07\/actiontdm1-185x300.jpeg 185w\" sizes=\"(max-width: 346px) 100vw, 346px\" \/><\/a><\/p>\n<p>Diapo\/CRCD\/s\/lsj\/nov21<\/p>\n","protected":false},"excerpt":{"rendered":"<p>&#8211; P\u00eache traditionnelle et p\u00eache commerciale chez les peuples autochtones du Nord-Est qu\u00e9b\u00e9cois. &#8211; Paul Charest, universit\u00e9 Laval, Camil Girard, universit\u00e9 du Qu\u00e9bec \u00e0 Chicoutimi et Thierry Rodon, universit\u00e9 Carleton (CRSH 2004-2007) &#8211; Voir Projet de l&rsquo;Alliance de recherche universitaire &hellip; <a href=\"https:\/\/www.uqac.ca\/grh\/projets\/\">Continuer la lecture <span class=\"meta-nav\">&rarr;<\/span><\/a><\/p>\n","protected":false},"author":2,"featured_media":0,"parent":0,"menu_order":0,"comment_status":"closed","ping_status":"open","template":"","meta":{"footnotes":""},"_links":{"self":[{"href":"https:\/\/www.uqac.ca\/grh\/wp-json\/wp\/v2\/pages\/9"}],"collection":[{"href":"https:\/\/www.uqac.ca\/grh\/wp-json\/wp\/v2\/pages"}],"about":[{"href":"https:\/\/www.uqac.ca\/grh\/wp-json\/wp\/v2\/types\/page"}],"author":[{"embeddable":true,"href":"https:\/\/www.uqac.ca\/grh\/wp-json\/wp\/v2\/users\/2"}],"replies":[{"embeddable":true,"href":"https:\/\/www.uqac.ca\/grh\/wp-json\/wp\/v2\/comments?post=9"}],"version-history":[{"count":22,"href":"https:\/\/www.uqac.ca\/grh\/wp-json\/wp\/v2\/pages\/9\/revisions"}],"predecessor-version":[{"id":86,"href":"https:\/\/www.uqac.ca\/grh\/wp-json\/wp\/v2\/pages\/9\/revisions\/86"}],"wp:attachment":[{"href":"https:\/\/www.uqac.ca\/grh\/wp-json\/wp\/v2\/media?parent=9"}],"curies":[{"name":"wp","href":"https:\/\/api.w.org\/{rel}","templated":true}]}}