{"id":549,"date":"2023-07-21T07:43:03","date_gmt":"2023-07-21T11:43:03","guid":{"rendered":"https:\/\/www.uqac.ca\/labvivant\/?page_id=549"},"modified":"2024-02-12T15:08:04","modified_gmt":"2024-02-12T20:08:04","slug":"consultation-electronique","status":"publish","type":"page","link":"https:\/\/www.uqac.ca\/labvivant\/consultation-electronique\/","title":{"rendered":""},"content":{"rendered":"\n<p class=\"has-text-align-center has-medium-font-size\">La p\u00e9riode de recrutement pour l&rsquo;\u00e9tude intitul\u00e9e \u00ab\u00a0Sant\u00e9 mentale et accessibilit\u00e9 aux services en milieu universitaire : la diversit\u00e9 constitue-t-elle une barri\u00e8re ?\u00a0\u00bb, est termin\u00e9e. Toujours dans la perspective de contribuer \u00e0 la sant\u00e9 mentale de notre communaut\u00e9, nous menons toutefois une autre \u00e9tude ayant pour but de cr\u00e9er une station de bien-\u00eatre \u00e0 l&rsquo;UQAC.  Pour en savoir plus sur cette \u00e9tude, nous vous invitons \u00e0 consulter l&rsquo;affiche et cliquer sur la modalit\u00e9 de participation de votre choix.<\/p>\n\n\n\n<p class=\"has-text-align-center has-medium-font-size\"><strong><a href=\"https:\/\/sondage.uqac.ca\/731188?lang=fr\">Consultation \u00e9lectronique<\/a>  ou  <a href=\"https:\/\/forms.gle\/x4HZeqYeBRcX9jcP9\">Entrevues de groupe<\/a>  <\/strong>                   <\/p>\n\n\n\n<div class=\"wp-block-image\"><figure class=\"aligncenter size-large\"><img fetchpriority=\"high\" decoding=\"async\" width=\"791\" height=\"1024\" src=\"https:\/\/www-pre.uqac.ca\/labvivant\/wp-content\/uploads\/2024\/02\/AFFICHE-FINALE-ILUMIN-24JANVIER2024-791x1024.jpg\" alt=\"\" class=\"wp-image-645\" srcset=\"https:\/\/www.uqac.ca\/labvivant\/wp-content\/uploads\/2024\/02\/AFFICHE-FINALE-ILUMIN-24JANVIER2024-791x1024.jpg 791w, https:\/\/www.uqac.ca\/labvivant\/wp-content\/uploads\/2024\/02\/AFFICHE-FINALE-ILUMIN-24JANVIER2024-232x300.jpg 232w, https:\/\/www.uqac.ca\/labvivant\/wp-content\/uploads\/2024\/02\/AFFICHE-FINALE-ILUMIN-24JANVIER2024-768x994.jpg 768w, https:\/\/www.uqac.ca\/labvivant\/wp-content\/uploads\/2024\/02\/AFFICHE-FINALE-ILUMIN-24JANVIER2024-1187x1536.jpg 1187w, https:\/\/www.uqac.ca\/labvivant\/wp-content\/uploads\/2024\/02\/AFFICHE-FINALE-ILUMIN-24JANVIER2024-1583x2048.jpg 1583w, https:\/\/www.uqac.ca\/labvivant\/wp-content\/uploads\/2024\/02\/AFFICHE-FINALE-ILUMIN-24JANVIER2024-scaled.jpg 1978w\" sizes=\"(max-width: 791px) 100vw, 791px\" \/><\/figure><\/div>\n\n\n\n<p class=\"has-text-align-center has-medium-font-size\"><\/p>\n","protected":false},"excerpt":{"rendered":"<p>La p\u00e9riode de recrutement pour l&rsquo;\u00e9tude intitul\u00e9e \u00ab\u00a0Sant\u00e9 mentale et accessibilit\u00e9 aux services en milieu universitaire : la diversit\u00e9 constitue-t-elle une barri\u00e8re ?\u00a0\u00bb, est termin\u00e9e. Toujours dans la perspective de contribuer \u00e0 la sant\u00e9 mentale de notre communaut\u00e9, nous menons toutefois une autre \u00e9tude ayant pour but de cr\u00e9er une station de bien-\u00eatre \u00e0 l&rsquo;UQAC. [&hellip;]<\/p>\n","protected":false},"author":3,"featured_media":0,"parent":0,"menu_order":0,"comment_status":"closed","ping_status":"closed","template":"","meta":{"site-sidebar-layout":"default","site-content-layout":"","ast-site-content-layout":"default","site-content-style":"default","site-sidebar-style":"default","ast-global-header-display":"","ast-banner-title-visibility":"","ast-main-header-display":"","ast-hfb-above-header-display":"","ast-hfb-below-header-display":"","ast-hfb-mobile-header-display":"","site-post-title":"","ast-breadcrumbs-content":"","ast-featured-img":"","footer-sml-layout":"","ast-disable-related-posts":"","theme-transparent-header-meta":"","adv-header-id-meta":"","stick-header-meta":"","header-above-stick-meta":"","header-main-stick-meta":"","header-below-stick-meta":"","astra-migrate-meta-layouts":"default","ast-page-background-enabled":"default","ast-page-background-meta":{"desktop":{"background-color":"var(--ast-global-color-4)","background-image":"","background-repeat":"repeat","background-position":"center center","background-size":"auto","background-attachment":"scroll","background-type":"","background-media":"","overlay-type":"","overlay-color":"","overlay-opacity":"","overlay-gradient":""},"tablet":{"background-color":"","background-image":"","background-repeat":"repeat","background-position":"center center","background-size":"auto","background-attachment":"scroll","background-type":"","background-media":"","overlay-type":"","overlay-color":"","overlay-opacity":"","overlay-gradient":""},"mobile":{"background-color":"","background-image":"","background-repeat":"repeat","background-position":"center center","background-size":"auto","background-attachment":"scroll","background-type":"","background-media":"","overlay-type":"","overlay-color":"","overlay-opacity":"","overlay-gradient":""}},"ast-content-background-meta":{"desktop":{"background-color":"var(--ast-global-color-5)","background-image":"","background-repeat":"repeat","background-position":"center center","background-size":"auto","background-attachment":"scroll","background-type":"","background-media":"","overlay-type":"","overlay-color":"","overlay-opacity":"","overlay-gradient":""},"tablet":{"background-color":"var(--ast-global-color-5)","background-image":"","background-repeat":"repeat","background-position":"center center","background-size":"auto","background-attachment":"scroll","background-type":"","background-media":"","overlay-type":"","overlay-color":"","overlay-opacity":"","overlay-gradient":""},"mobile":{"background-color":"var(--ast-global-color-5)","background-image":"","background-repeat":"repeat","background-position":"center center","background-size":"auto","background-attachment":"scroll","background-type":"","background-media":"","overlay-type":"","overlay-color":"","overlay-opacity":"","overlay-gradient":""}},"footnotes":""},"class_list":["post-549","page","type-page","status-publish","hentry"],"_links":{"self":[{"href":"https:\/\/www.uqac.ca\/labvivant\/wp-json\/wp\/v2\/pages\/549","targetHints":{"allow":["GET"]}}],"collection":[{"href":"https:\/\/www.uqac.ca\/labvivant\/wp-json\/wp\/v2\/pages"}],"about":[{"href":"https:\/\/www.uqac.ca\/labvivant\/wp-json\/wp\/v2\/types\/page"}],"author":[{"embeddable":true,"href":"https:\/\/www.uqac.ca\/labvivant\/wp-json\/wp\/v2\/users\/3"}],"replies":[{"embeddable":true,"href":"https:\/\/www.uqac.ca\/labvivant\/wp-json\/wp\/v2\/comments?post=549"}],"version-history":[{"count":14,"href":"https:\/\/www.uqac.ca\/labvivant\/wp-json\/wp\/v2\/pages\/549\/revisions"}],"predecessor-version":[{"id":646,"href":"https:\/\/www.uqac.ca\/labvivant\/wp-json\/wp\/v2\/pages\/549\/revisions\/646"}],"wp:attachment":[{"href":"https:\/\/www.uqac.ca\/labvivant\/wp-json\/wp\/v2\/media?parent=549"}],"curies":[{"name":"wp","href":"https:\/\/api.w.org\/{rel}","templated":true}]}}