{"id":676,"date":"2025-01-09T11:06:03","date_gmt":"2025-01-09T16:06:03","guid":{"rendered":"https:\/\/www.uqac.ca\/labvivant\/?page_id=676"},"modified":"2026-03-20T15:22:40","modified_gmt":"2026-03-20T19:22:40","slug":"ilumin","status":"publish","type":"page","link":"https:\/\/www.uqac.ca\/labvivant\/ilumin\/","title":{"rendered":"ILUMIN : UNE STATION DE PROMOTION DE LA SANT\u00c9 MENTALE AU COEUR DE L\u2019UNIVERSIT\u00c9"},"content":{"rendered":"\t\t<div data-elementor-type=\"wp-page\" data-elementor-id=\"676\" class=\"elementor elementor-676\">\n\t\t\t\t\t\t<section class=\"elementor-section elementor-top-section elementor-element elementor-element-723c471 elementor-section-boxed elementor-section-height-default elementor-section-height-default\" data-id=\"723c471\" data-element_type=\"section\">\n\t\t\t\t\t\t<div class=\"elementor-container elementor-column-gap-default\">\n\t\t\t\t\t<div class=\"elementor-column elementor-col-100 elementor-top-column elementor-element elementor-element-03c2e1c\" data-id=\"03c2e1c\" data-element_type=\"column\">\n\t\t\t<div class=\"elementor-widget-wrap elementor-element-populated\">\n\t\t\t\t\t\t<div class=\"elementor-element elementor-element-b98afb2 elementor-widget elementor-widget-text-editor\" data-id=\"b98afb2\" data-element_type=\"widget\" data-widget_type=\"text-editor.default\">\n\t\t\t\t<div class=\"elementor-widget-container\">\n\t\t\t<style>\/*! elementor - v3.21.0 - 08-05-2024 *\/\n.elementor-widget-text-editor.elementor-drop-cap-view-stacked .elementor-drop-cap{background-color:#69727d;color:#fff}.elementor-widget-text-editor.elementor-drop-cap-view-framed .elementor-drop-cap{color:#69727d;border:3px solid;background-color:transparent}.elementor-widget-text-editor:not(.elementor-drop-cap-view-default) .elementor-drop-cap{margin-top:8px}.elementor-widget-text-editor:not(.elementor-drop-cap-view-default) .elementor-drop-cap-letter{width:1em;height:1em}.elementor-widget-text-editor .elementor-drop-cap{float:left;text-align:center;line-height:1;font-size:50px}.elementor-widget-text-editor .elementor-drop-cap-letter{display:inline-block}<\/style>\t\t\t\tLa phase 3 du projet ILUMIN est en cours et se d\u00e9roule du <b>26 janvier au 8 mai 2026.\u00a0<\/b>\n\nNous vous invitons \u00e0 passer \u00e0 la station afin de manifester votre int\u00e9r\u00eat \u00e0 participer \u00e0 l\u2019\u00e9tude ou \u00e0\n\ncliquer sur le lien suivant :\u00a0<a style=\"color: #14ae5c; font-family: IBMPlexSans, system-ui, -apple-system, 'Segoe UI', Roboto, 'Helvetica Neue', Arial, 'Noto Sans', 'Liberation Sans', sans-serif, 'Apple Color Emoji', 'Segoe UI Emoji', 'Segoe UI Symbol', 'Noto Color Emoji'; font-size: 20px; text-align: start; background-color: #ffffff;\" href=\"https:\/\/sondage.uqac.ca\/317888?lang=fr\" target=\"_blank\" rel=\"noopener\">https:\/\/sondage.uqac.ca\/317888?lang=fr<\/a>\n\n<span style=\"font-style: inherit; font-weight: inherit;\">&#8211; L&rsquo;\u00e9quipe d&rsquo;ILUMIN &#8211;\u00a0<\/span>\t\t\t\t\t\t<\/div>\n\t\t\t\t<\/div>\n\t\t\t\t<div class=\"elementor-element elementor-element-9cfccb5 elementor-widget__width-initial elementor-widget elementor-widget-text-editor\" data-id=\"9cfccb5\" data-element_type=\"widget\" data-widget_type=\"text-editor.default\">\n\t\t\t\t<div class=\"elementor-widget-container\">\n\t\t\t\t\t\t\t<p>&nbsp; &nbsp; &nbsp; &nbsp; &nbsp; &nbsp; &nbsp; &nbsp; &nbsp; &nbsp; &nbsp; &nbsp; &nbsp; &nbsp; &nbsp; &nbsp; &nbsp; &nbsp; &nbsp; &nbsp; &nbsp; &nbsp; &nbsp; &nbsp; &nbsp; &nbsp; &nbsp; &nbsp; &nbsp;&nbsp;<span style=\"font-style: inherit; font-weight: inherit;\">Demeurez \u00e0 l&rsquo;aff\u00fbt! Il y aura bient\u00f4t des disponibilit\u00e9s sans rendez-vous \u00e0 la station ILUMIN!<\/span><\/p>\n<p><span style=\"font-style: inherit;\"><b>&#8211; \u00bb Il est \u00e0 noter que la Station ILUMIN accepte d\u00e9sormais des pr\u00e9sences ponctuelles. Pour ce faire, vous pouvez vous pr\u00e9senter \u00e0 la Station, sans prendre de rendez-vous, et v\u00e9rifier s&rsquo;il y a un espace de libre. Nous vous inviterons \u00e0 r\u00e9pondre \u00e0 un bref questionnaire ponctuel.<\/b><\/span><\/p>\t\t\t\t\t\t<\/div>\n\t\t\t\t<\/div>\n\t\t\t\t\t<\/div>\n\t\t<\/div>\n\t\t\t\t\t<\/div>\n\t\t<\/section>\n\t\t\t\t<section class=\"elementor-section elementor-top-section elementor-element elementor-element-5c82752 elementor-section-boxed elementor-section-height-default elementor-section-height-default\" data-id=\"5c82752\" data-element_type=\"section\">\n\t\t\t\t\t\t<div class=\"elementor-container elementor-column-gap-default\">\n\t\t\t\t\t<div class=\"elementor-column elementor-col-100 elementor-top-column elementor-element elementor-element-51c3ef4\" data-id=\"51c3ef4\" data-element_type=\"column\">\n\t\t\t<div class=\"elementor-widget-wrap elementor-element-populated\">\n\t\t\t\t\t\t<div class=\"elementor-element elementor-element-6d2ef04 elementor-widget__width-initial elementor-widget elementor-widget-image\" data-id=\"6d2ef04\" data-element_type=\"widget\" data-widget_type=\"image.default\">\n\t\t\t\t<div class=\"elementor-widget-container\">\n\t\t\t<style>\/*! elementor - v3.21.0 - 08-05-2024 *\/\n.elementor-widget-image{text-align:center}.elementor-widget-image a{display:inline-block}.elementor-widget-image a img[src$=\".svg\"]{width:48px}.elementor-widget-image img{vertical-align:middle;display:inline-block}<\/style>\t\t\t\t\t\t\t\t\t\t<img fetchpriority=\"high\" decoding=\"async\" width=\"1536\" height=\"864\" src=\"https:\/\/www.uqac.ca\/labvivant\/wp-content\/uploads\/2025\/01\/IMAGE1920x1080_IIumin-Accueil-du-site-1-1536x864.jpg\" class=\"attachment-1536x1536 size-1536x1536 wp-image-818\" alt=\"\" srcset=\"https:\/\/www.uqac.ca\/labvivant\/wp-content\/uploads\/2025\/01\/IMAGE1920x1080_IIumin-Accueil-du-site-1-1536x864.jpg 1536w, https:\/\/www.uqac.ca\/labvivant\/wp-content\/uploads\/2025\/01\/IMAGE1920x1080_IIumin-Accueil-du-site-1-300x169.jpg 300w, https:\/\/www.uqac.ca\/labvivant\/wp-content\/uploads\/2025\/01\/IMAGE1920x1080_IIumin-Accueil-du-site-1-1024x576.jpg 1024w, https:\/\/www.uqac.ca\/labvivant\/wp-content\/uploads\/2025\/01\/IMAGE1920x1080_IIumin-Accueil-du-site-1-768x432.jpg 768w, https:\/\/www.uqac.ca\/labvivant\/wp-content\/uploads\/2025\/01\/IMAGE1920x1080_IIumin-Accueil-du-site-1-2048x1152.jpg 2048w\" sizes=\"(max-width: 1536px) 100vw, 1536px\" \/>\t\t\t\t\t\t\t\t\t\t\t\t\t<\/div>\n\t\t\t\t<\/div>\n\t\t\t\t\t<\/div>\n\t\t<\/div>\n\t\t\t\t\t<\/div>\n\t\t<\/section>\n\t\t\t\t<section class=\"elementor-section elementor-top-section elementor-element elementor-element-c144217 elementor-section-boxed elementor-section-height-default elementor-section-height-default\" data-id=\"c144217\" data-element_type=\"section\">\n\t\t\t\t\t\t<div class=\"elementor-container elementor-column-gap-default\">\n\t\t\t\t\t<div class=\"elementor-column elementor-col-100 elementor-top-column elementor-element elementor-element-5117f04\" data-id=\"5117f04\" data-element_type=\"column\">\n\t\t\t<div class=\"elementor-widget-wrap elementor-element-populated\">\n\t\t\t\t\t\t<div class=\"elementor-element elementor-element-b520bcb elementor-widget elementor-widget-text-editor\" data-id=\"b520bcb\" data-element_type=\"widget\" data-widget_type=\"text-editor.default\">\n\t\t\t\t<div class=\"elementor-widget-container\">\n\t\t\t\t\t\t\t<p style=\"margin: 0in 0in 19.2pt;text-align: justify;background-image: initial;background-position: initial;background-size: initial;background-repeat: initial;background-attachment: initial\"><span lang=\"FR-CA\" style=\"font-size: 11.5pt;color: #6b877c\">La <b>STATION ILUMIN<\/b> est une initiative innovante en promotion de la sant\u00e9 mentale, con\u00e7ue pour offrir aux \u00e9tudiant(e)s et au personnel de l&rsquo;Universit\u00e9 du Qu\u00e9bec \u00e0 Chicoutimi un espace de ressourcement et de d\u00e9tente. Situ\u00e9e dans le local<\/span><b> H1-1140<\/b>, elle propose trois ambiances uniques :<\/p><p style=\"margin: 0in 0in 0in 0.5in;text-align: justify;text-indent: -0.25in;background-image: initial;background-position: initial;background-size: initial;background-repeat: initial;background-attachment: initial\"><!-- [if !supportLists]--><span lang=\"FR-CA\" style=\"font-family: Symbol;color: #6b877c\">\u00b7 <\/span><span lang=\"FR-CA\" style=\"font-size: 11.5pt;color: #6b877c\">L<\/span><span style=\"font-weight: inherit\"><span lang=\"FR-CA\" style=\"font-size: 11.5pt;font-family: 'Arial',sans-serif;color: #6b877c\">e <\/span><b><span>refuge int\u00e9rieur<\/span><\/b><span style=\"font-weight: inherit\"> propose un espace<\/span><\/span><span style=\"font-weight: var( --e-global-typography-text-font-weight )\"><span lang=\"FR-CA\" style=\"font-family: 'Aptos',sans-serif;color: #6b877c\"> sombre, chaleureux et enveloppant pour s\u2019\u00e9vader du tumulte quotidien. <\/span><\/span><\/p><p style=\"margin: 0in 0in 0in 0.5in;text-align: justify;text-indent: -0.25in;background-image: initial;background-position: initial;background-size: initial;background-repeat: initial;background-attachment: initial\"><!-- [if !supportLists]--><span lang=\"FR-CA\" style=\"font-family: Symbol;color: #6b877c\">\u00b7 <\/span><span lang=\"FR-CA\" style=\"font-family: 'Aptos',sans-serif;color: #6b877c\">L&rsquo;<\/span><b>oasis verdoyante<\/b> <span style=\"font-weight: var( --e-global-typography-text-font-weight )\">propose un espace lumineux inspir\u00e9 par la qui\u00e9tude de la nature, o\u00f9 l\u2019esprit peut s\u2019\u00e9panouir et trouver la paix. <\/span><\/p><p style=\"margin: 0in 0in 12pt 0.5in;text-align: justify;text-indent: -0.25in;background-image: initial;background-position: initial;background-size: initial;background-repeat: initial;background-attachment: initial\"><!-- [if !supportLists]--><span lang=\"FR-CA\" style=\"font-family: Symbol;color: #6b877c\">\u00b7 <\/span><span lang=\"FR-CA\" style=\"font-family: 'Aptos',sans-serif;color: #6b877c\">La<\/span><b data-olk-copy-source=\"MessageBody\"> pause prestige <\/b><span data-olk-copy-source=\"MessageBody\">se veut un <\/span><span style=\"font-weight: var( --e-global-typography-text-font-weight )\">cocon de calme, ferm\u00e9 par des voiles l\u00e9gers, o\u00f9 vous pouvez vous d\u00e9tendre et vous faire masser en toute discr\u00e9tion et confort.<\/span><\/p><p style=\"margin: 0in 0in 19.2pt;text-align: justify;background-image: initial;background-position: initial;background-size: initial;background-repeat: initial;background-attachment: initial\"><span style=\"color: #6b877c;font-size: 11.5pt;font-style: inherit;font-weight: inherit;font-family: var( --e-global-typography-text-font-family ), Sans-serif\">Joignez-vous \u00e0 nous pour explorer une nouvelle fa\u00e7on de prendre soin de vous, <\/span><span style=\"color: #6b877c;font-size: 11.5pt;font-style: inherit;font-weight: inherit;font-family: var( --e-global-typography-text-font-family ), Sans-serif\">et contribuez \u00e0 un projet de recherche qui repousse les fronti\u00e8res du bien-\u00eatre <\/span><span style=\"color: #6b877c;font-size: 11.5pt;font-style: inherit;font-weight: inherit;font-family: var( --e-global-typography-text-font-family ), Sans-serif\">en milieu universitaire.<\/span><\/p>\t\t\t\t\t\t<\/div>\n\t\t\t\t<\/div>\n\t\t\t\t\t<\/div>\n\t\t<\/div>\n\t\t\t\t\t<\/div>\n\t\t<\/section>\n\t\t\t\t<section class=\"elementor-section elementor-top-section elementor-element elementor-element-e8c555f elementor-section-full_width elementor-section-height-default elementor-section-height-default\" data-id=\"e8c555f\" data-element_type=\"section\" data-settings=\"{&quot;background_background&quot;:&quot;classic&quot;}\">\n\t\t\t\t\t\t<div class=\"elementor-container elementor-column-gap-no\">\n\t\t\t\t\t<div class=\"elementor-column elementor-col-100 elementor-top-column elementor-element elementor-element-6b80867\" data-id=\"6b80867\" data-element_type=\"column\">\n\t\t\t<div class=\"elementor-widget-wrap elementor-element-populated\">\n\t\t\t\t\t\t<div class=\"elementor-element elementor-element-15fbb17 elementor-widget__width-inherit elementor-widget elementor-widget-image-carousel\" data-id=\"15fbb17\" data-element_type=\"widget\" data-settings=\"{&quot;slides_to_show&quot;:&quot;3&quot;,&quot;navigation&quot;:&quot;none&quot;,&quot;speed&quot;:&quot;200&quot;,&quot;autoplay&quot;:&quot;yes&quot;,&quot;pause_on_hover&quot;:&quot;yes&quot;,&quot;pause_on_interaction&quot;:&quot;yes&quot;,&quot;autoplay_speed&quot;:5000,&quot;infinite&quot;:&quot;yes&quot;}\" data-widget_type=\"image-carousel.default\">\n\t\t\t\t<div class=\"elementor-widget-container\">\n\t\t\t<style>\/*! elementor - v3.21.0 - 08-05-2024 *\/\n.elementor-widget-image-carousel .swiper,.elementor-widget-image-carousel .swiper-container{position:static}.elementor-widget-image-carousel .swiper-container .swiper-slide figure,.elementor-widget-image-carousel .swiper .swiper-slide figure{line-height:inherit}.elementor-widget-image-carousel .swiper-slide{text-align:center}.elementor-image-carousel-wrapper:not(.swiper-container-initialized):not(.swiper-initialized) .swiper-slide{max-width:calc(100% \/ var(--e-image-carousel-slides-to-show, 3))}<\/style>\t\t<div class=\"elementor-image-carousel-wrapper swiper\" dir=\"ltr\">\n\t\t\t<div class=\"elementor-image-carousel swiper-wrapper\" aria-live=\"off\">\n\t\t\t\t\t\t\t\t<div class=\"swiper-slide\" role=\"group\" aria-roledescription=\"slide\" aria-label=\"1 of 13\"><figure class=\"swiper-slide-inner\"><img decoding=\"async\" class=\"swiper-slide-image\" src=\"https:\/\/www.uqac.ca\/labvivant\/wp-content\/uploads\/2025\/04\/2025-04-01-Avril-_0094-1920x1280-1-768x512.jpg\" alt=\"2025-04-01-Avril-_0094-1920x1280\" \/><\/figure><\/div><div class=\"swiper-slide\" role=\"group\" aria-roledescription=\"slide\" aria-label=\"2 of 13\"><figure class=\"swiper-slide-inner\"><img decoding=\"async\" class=\"swiper-slide-image\" src=\"https:\/\/www.uqac.ca\/labvivant\/wp-content\/uploads\/2025\/02\/2025-02-Feb-5-_0001-1920x1280-1-768x512.jpg\" alt=\"2025-02-Feb-5-_0001-1920x1280\" \/><\/figure><\/div><div class=\"swiper-slide\" role=\"group\" aria-roledescription=\"slide\" aria-label=\"3 of 13\"><figure class=\"swiper-slide-inner\"><img decoding=\"async\" class=\"swiper-slide-image\" src=\"https:\/\/www.uqac.ca\/labvivant\/wp-content\/uploads\/2025\/01\/2025-01-Jan-20-Plantes-_0008-768x512.jpg\" alt=\"2025-01-Jan-20-Plantes-_0008\" \/><\/figure><\/div><div class=\"swiper-slide\" role=\"group\" aria-roledescription=\"slide\" aria-label=\"4 of 13\"><figure class=\"swiper-slide-inner\"><img decoding=\"async\" class=\"swiper-slide-image\" src=\"https:\/\/www.uqac.ca\/labvivant\/wp-content\/uploads\/2025\/01\/2025-01-16-Labo-_0060-1920x1280-2-768x512.jpg\" alt=\"2025-01-16-Labo-_0060-1920x1280\" \/><\/figure><\/div><div class=\"swiper-slide\" role=\"group\" aria-roledescription=\"slide\" aria-label=\"5 of 13\"><figure class=\"swiper-slide-inner\"><img decoding=\"async\" class=\"swiper-slide-image\" src=\"https:\/\/www.uqac.ca\/labvivant\/wp-content\/uploads\/2025\/01\/2025-01-Jan-20-Plantes-_0010-768x512.jpg\" alt=\"2025-01-Jan-20-Plantes-_0010\" \/><\/figure><\/div><div class=\"swiper-slide\" role=\"group\" aria-roledescription=\"slide\" aria-label=\"6 of 13\"><figure class=\"swiper-slide-inner\"><img decoding=\"async\" class=\"swiper-slide-image\" src=\"https:\/\/www.uqac.ca\/labvivant\/wp-content\/uploads\/2025\/02\/2025-02-Feb-05-1-_0058-1920x1280-1-768x512.jpg\" alt=\"2025-02-Feb-05-1-_0058-1920x1280\" \/><\/figure><\/div><div class=\"swiper-slide\" role=\"group\" aria-roledescription=\"slide\" aria-label=\"7 of 13\"><figure class=\"swiper-slide-inner\"><img decoding=\"async\" class=\"swiper-slide-image\" src=\"https:\/\/www.uqac.ca\/labvivant\/wp-content\/uploads\/2025\/01\/2025-01-16-Labo-_0062-768x512.jpg\" alt=\"2025-01-16-Labo-_0062\" \/><\/figure><\/div><div class=\"swiper-slide\" role=\"group\" aria-roledescription=\"slide\" aria-label=\"8 of 13\"><figure class=\"swiper-slide-inner\"><img decoding=\"async\" class=\"swiper-slide-image\" src=\"https:\/\/www.uqac.ca\/labvivant\/wp-content\/uploads\/2025\/02\/2025-02-Feb-5-_0045-1920x1280-1-768x512.jpg\" alt=\"2025-02-Feb-5-_0045-1920x1280\" \/><\/figure><\/div><div class=\"swiper-slide\" role=\"group\" aria-roledescription=\"slide\" aria-label=\"9 of 13\"><figure class=\"swiper-slide-inner\"><img decoding=\"async\" class=\"swiper-slide-image\" src=\"https:\/\/www.uqac.ca\/labvivant\/wp-content\/uploads\/2025\/02\/2025-02-Feb-5-_0029-1920x1280-1-768x512.jpg\" alt=\"2025-02-Feb-5-_0029-1920x1280\" \/><\/figure><\/div><div class=\"swiper-slide\" role=\"group\" aria-roledescription=\"slide\" aria-label=\"10 of 13\"><figure class=\"swiper-slide-inner\"><img decoding=\"async\" class=\"swiper-slide-image\" src=\"https:\/\/www.uqac.ca\/labvivant\/wp-content\/uploads\/2025\/02\/2025-02-Feb-5-_0059-1920x1280-1-768x512.jpg\" alt=\"2025-02-Feb-5-_0059-1920x1280\" \/><\/figure><\/div><div class=\"swiper-slide\" role=\"group\" aria-roledescription=\"slide\" aria-label=\"11 of 13\"><figure class=\"swiper-slide-inner\"><img decoding=\"async\" class=\"swiper-slide-image\" src=\"https:\/\/www.uqac.ca\/labvivant\/wp-content\/uploads\/2025\/02\/2025-02-Feb-5-_0100-1920x1280-1-768x512.jpg\" alt=\"2025-02-Feb-5-_0100-1920x1280\" \/><\/figure><\/div><div class=\"swiper-slide\" role=\"group\" aria-roledescription=\"slide\" aria-label=\"12 of 13\"><figure class=\"swiper-slide-inner\"><img decoding=\"async\" class=\"swiper-slide-image\" src=\"https:\/\/www.uqac.ca\/labvivant\/wp-content\/uploads\/2025\/02\/2025-02-Feb-5-_0082-1920x1280-1-768x512.jpg\" alt=\"2025-02-Feb-5-_0082-1920x1280\" \/><\/figure><\/div><div class=\"swiper-slide\" role=\"group\" aria-roledescription=\"slide\" aria-label=\"13 of 13\"><figure class=\"swiper-slide-inner\"><img decoding=\"async\" class=\"swiper-slide-image\" src=\"https:\/\/www.uqac.ca\/labvivant\/wp-content\/uploads\/2025\/04\/2025-04-01-Avril-_0010-1920x1280-1-768x512.jpg\" alt=\"2025-04-01-Avril-_0010-1920x1280\" \/><\/figure><\/div>\t\t\t<\/div>\n\t\t\t\t\t\t\t\n\t\t\t\t\t\t\t\t\t<\/div>\n\t\t\t\t<\/div>\n\t\t\t\t<\/div>\n\t\t\t\t\t<\/div>\n\t\t<\/div>\n\t\t\t\t\t<\/div>\n\t\t<\/section>\n\t\t\t\t<section class=\"elementor-section elementor-top-section elementor-element elementor-element-6e49142 elementor-section-boxed elementor-section-height-default elementor-section-height-default\" data-id=\"6e49142\" data-element_type=\"section\" data-settings=\"{&quot;background_background&quot;:&quot;classic&quot;}\">\n\t\t\t\t\t\t<div class=\"elementor-container elementor-column-gap-default\">\n\t\t\t\t\t<div class=\"elementor-column elementor-col-100 elementor-top-column elementor-element elementor-element-721732c\" data-id=\"721732c\" data-element_type=\"column\">\n\t\t\t<div class=\"elementor-widget-wrap\">\n\t\t\t\t\t\t\t<\/div>\n\t\t<\/div>\n\t\t\t\t\t<\/div>\n\t\t<\/section>\n\t\t\t\t<section class=\"elementor-section elementor-top-section elementor-element elementor-element-cc2ead5 elementor-section-boxed elementor-section-height-default elementor-section-height-default\" data-id=\"cc2ead5\" data-element_type=\"section\">\n\t\t\t\t\t\t<div class=\"elementor-container elementor-column-gap-default\">\n\t\t\t\t\t<div class=\"elementor-column elementor-col-100 elementor-top-column elementor-element elementor-element-329bfa6\" data-id=\"329bfa6\" data-element_type=\"column\">\n\t\t\t<div class=\"elementor-widget-wrap elementor-element-populated\">\n\t\t\t\t\t\t<div class=\"elementor-element elementor-element-bec0f19 elementor-widget elementor-widget-text-editor\" data-id=\"bec0f19\" data-element_type=\"widget\" data-widget_type=\"text-editor.default\">\n\t\t\t\t<div class=\"elementor-widget-container\">\n\t\t\t\t\t\t\t<<\/span><\/h4>\n<h4><span style=\"font-style: inherit; font-weight: inherit; color: #6b877c; font-family: var( --e-global-typography-text-font-family ), Sans-serif;\">Vous pouvez d\u00e8s maintenant fixer votre premier rendez-vous \u00e0 l\u2019aide de notre plateforme de r\u00e9servation :\n<\/span><span style=\"border: 0px; font-variant-numeric: inherit; font-variant-east-asian: inherit; font-variant-alternates: inherit; font-variant-position: inherit; font-variant-emoji: inherit; font-stretch: inherit; font-size: 16px; line-height: inherit; font-family: Aptos, sans-serif; font-optical-sizing: inherit; font-size-adjust: inherit; font-kerning: inherit; font-feature-settings: inherit; font-variation-settings: inherit; font-language-override: inherit; margin: 0px; padding: 0px; vertical-align: baseline; color: black; text-align: start;\">\u00a0<a style=\"border: 0px; font: inherit; margin: 0px; padding: 0px; vertical-align: baseline; color: blue;\" title=\"Original URL: https:\/\/www.gorendezvous.com\/ilumin. Click or tap if you trust this link.\" href=\"https:\/\/can01.safelinks.protection.outlook.com\/?url=https%3A%2F%2Fwww.gorendezvous.com%2Filumin&amp;data=05%7C02%7Ckbilode%40uqac.ca%7Ca3b32c0625bb43efe65708de5d9e3958%7Cc97978b1bd4c44b59bbb20215efdf611%7C0%7C0%7C639051131390169643%7CUnknown%7CTWFpbGZsb3d8eyJFbXB0eU1hcGkiOnRydWUsIlYiOiIwLjAuMDAwMCIsIlAiOiJXaW4zMiIsIkFOIjoiTWFpbCIsIldUIjoyfQ%3D%3D%7C0%7C%7C%7C&amp;sdata=c%2BRlV63FLQttYBfPxBTAANCqtNeyV17oHFiBP5AbH2A%3D&amp;reserved=0\" target=\"_blank\" rel=\"noopener noreferrer\" data-auth=\"NotApplicable\" data-linkindex=\"1\">https:\/\/www.gorendezvous.com\/ilumin<\/a><\/span><\/h4>\n<h4><span style=\"font-style: inherit; font-weight: inherit; color: #6b877c; font-family: var( --e-global-typography-text-font-family ), Sans-serif;\">Au plaisir de vous rencontrer!\u00a0<\/span><\/h4>\n<h4><span style=\"font-style: inherit; font-weight: inherit; color: #6b877c; font-family: var( --e-global-typography-text-font-family ), Sans-serif;\">L&rsquo;\u00e9quipe du projet ILUMIN<\/span><\/h4>\t\t\t\t\t\t<\/div>\n\t\t\t\t<\/div>\n\t\t\t\t\t<\/div>\n\t\t<\/div>\n\t\t\t\t\t<\/div>\n\t\t<\/section>\n\t\t\t\t<section class=\"elementor-section elementor-top-section elementor-element elementor-element-cb916a2 elementor-section-boxed elementor-section-height-default elementor-section-height-default\" data-id=\"cb916a2\" data-element_type=\"section\">\n\t\t\t\t\t\t<div class=\"elementor-container elementor-column-gap-default\">\n\t\t\t\t\t<div class=\"elementor-column elementor-col-100 elementor-top-column elementor-element elementor-element-768e58d\" data-id=\"768e58d\" data-element_type=\"column\">\n\t\t\t<div class=\"elementor-widget-wrap elementor-element-populated\">\n\t\t\t\t\t\t<section class=\"elementor-section elementor-inner-section elementor-element elementor-element-fb823da elementor-section-boxed elementor-section-height-default elementor-section-height-default\" data-id=\"fb823da\" data-element_type=\"section\">\n\t\t\t\t\t\t<div class=\"elementor-container elementor-column-gap-default\">\n\t\t\t\t\t<div class=\"elementor-column elementor-col-50 elementor-inner-column elementor-element elementor-element-4b583ce\" data-id=\"4b583ce\" data-element_type=\"column\">\n\t\t\t<div class=\"elementor-widget-wrap\">\n\t\t\t\t\t\t\t<\/div>\n\t\t<\/div>\n\t\t\t\t<div class=\"elementor-column elementor-col-50 elementor-inner-column elementor-element elementor-element-6ea689e\" data-id=\"6ea689e\" data-element_type=\"column\">\n\t\t\t<div class=\"elementor-widget-wrap\">\n\t\t\t\t\t\t\t<\/div>\n\t\t<\/div>\n\t\t\t\t\t<\/div>\n\t\t<\/section>\n\t\t\t\t\t<\/div>\n\t\t<\/div>\n\t\t\t\t\t<\/div>\n\t\t<\/section>\n\t\t\t\t<\/div>\n\t\t","protected":false},"excerpt":{"rendered":"<p>La phase 3 du projet ILUMIN est en cours et se d\u00e9roule du 26 janvier au 8 mai 2026.\u00a0 Nous vous invitons \u00e0 passer \u00e0 la station afin de manifester votre int\u00e9r\u00eat \u00e0 participer \u00e0 l\u2019\u00e9tude ou \u00e0 cliquer sur le lien suivant :\u00a0https:\/\/sondage.uqac.ca\/317888?lang=fr &#8211; L&rsquo;\u00e9quipe d&rsquo;ILUMIN &#8211;\u00a0 &nbsp; &nbsp; &nbsp; &nbsp; &nbsp; &nbsp; &nbsp; [&hellip;]<\/p>\n","protected":false},"author":14,"featured_media":0,"parent":0,"menu_order":0,"comment_status":"closed","ping_status":"closed","template":"","meta":{"site-sidebar-layout":"default","site-content-layout":"","ast-site-content-layout":"default","site-content-style":"default","site-sidebar-style":"default","ast-global-header-display":"","ast-banner-title-visibility":"","ast-main-header-display":"","ast-hfb-above-header-display":"","ast-hfb-below-header-display":"","ast-hfb-mobile-header-display":"","site-post-title":"","ast-breadcrumbs-content":"","ast-featured-img":"","footer-sml-layout":"","ast-disable-related-posts":"","theme-transparent-header-meta":"","adv-header-id-meta":"","stick-header-meta":"","header-above-stick-meta":"","header-main-stick-meta":"","header-below-stick-meta":"","astra-migrate-meta-layouts":"default","ast-page-background-enabled":"default","ast-page-background-meta":{"desktop":{"background-color":"var(--ast-global-color-4)","background-image":"","background-repeat":"repeat","background-position":"center center","background-size":"auto","background-attachment":"scroll","background-type":"","background-media":"","overlay-type":"","overlay-color":"","overlay-opacity":"","overlay-gradient":""},"tablet":{"background-color":"","background-image":"","background-repeat":"repeat","background-position":"center center","background-size":"auto","background-attachment":"scroll","background-type":"","background-media":"","overlay-type":"","overlay-color":"","overlay-opacity":"","overlay-gradient":""},"mobile":{"background-color":"","background-image":"","background-repeat":"repeat","background-position":"center center","background-size":"auto","background-attachment":"scroll","background-type":"","background-media":"","overlay-type":"","overlay-color":"","overlay-opacity":"","overlay-gradient":""}},"ast-content-background-meta":{"desktop":{"background-color":"var(--ast-global-color-5)","background-image":"","background-repeat":"repeat","background-position":"center center","background-size":"auto","background-attachment":"scroll","background-type":"","background-media":"","overlay-type":"","overlay-color":"","overlay-opacity":"","overlay-gradient":""},"tablet":{"background-color":"var(--ast-global-color-5)","background-image":"","background-repeat":"repeat","background-position":"center center","background-size":"auto","background-attachment":"scroll","background-type":"","background-media":"","overlay-type":"","overlay-color":"","overlay-opacity":"","overlay-gradient":""},"mobile":{"background-color":"var(--ast-global-color-5)","background-image":"","background-repeat":"repeat","background-position":"center center","background-size":"auto","background-attachment":"scroll","background-type":"","background-media":"","overlay-type":"","overlay-color":"","overlay-opacity":"","overlay-gradient":""}},"footnotes":""},"class_list":["post-676","page","type-page","status-publish","hentry"],"_links":{"self":[{"href":"https:\/\/www.uqac.ca\/labvivant\/wp-json\/wp\/v2\/pages\/676","targetHints":{"allow":["GET"]}}],"collection":[{"href":"https:\/\/www.uqac.ca\/labvivant\/wp-json\/wp\/v2\/pages"}],"about":[{"href":"https:\/\/www.uqac.ca\/labvivant\/wp-json\/wp\/v2\/types\/page"}],"author":[{"embeddable":true,"href":"https:\/\/www.uqac.ca\/labvivant\/wp-json\/wp\/v2\/users\/14"}],"replies":[{"embeddable":true,"href":"https:\/\/www.uqac.ca\/labvivant\/wp-json\/wp\/v2\/comments?post=676"}],"version-history":[{"count":213,"href":"https:\/\/www.uqac.ca\/labvivant\/wp-json\/wp\/v2\/pages\/676\/revisions"}],"predecessor-version":[{"id":1090,"href":"https:\/\/www.uqac.ca\/labvivant\/wp-json\/wp\/v2\/pages\/676\/revisions\/1090"}],"wp:attachment":[{"href":"https:\/\/www.uqac.ca\/labvivant\/wp-json\/wp\/v2\/media?parent=676"}],"curies":[{"name":"wp","href":"https:\/\/api.w.org\/{rel}","templated":true}]}}