{"id":548,"date":"2020-04-28T22:54:05","date_gmt":"2020-04-29T04:54:05","guid":{"rendered":"http:\/\/www.uqac.ca\/lemgp\/?page_id=548"},"modified":"2020-04-28T23:01:16","modified_gmt":"2020-04-29T05:01:16","slug":"international","status":"publish","type":"page","link":"https:\/\/www.uqac.ca\/lemgp\/international\/","title":{"rendered":"INTERNATIONAL"},"content":{"rendered":"<h3><span style=\"color: #999999;\">INTERNATIONAL<\/span>\u00a0| Nos programmes \u00e0 travers le monde<\/h3>\n<p style=\"text-align: justify;\">Tous les ans, des \u00e9tudiants du monde entier viennent \u00e9tudier la gestion de projet \u00e0 l\u2019UQAC.<\/p>\n<p style=\"text-align: justify;\">Mais ce sont \u00e9galement des dizaines de professeurs qui se d\u00e9placent chaque ann\u00e9e chez les universit\u00e9s partenaires afin d\u2019y enseigner la Gestion de Projet. En effet, l\u2019Universit\u00e9 du Qu\u00e9bec \u00e0 Chicoutimi (UQAC) d\u00e9localise le programme de ma\u00eetrise en gestion de projet (MGP) dans plusieurs pays depuis plus d\u2019une d\u00e9cennie. Avec le temps, l\u2019UQAC a su d\u00e9velopper une expertise en formation transfrontali\u00e8re, adapter ses m\u00e9thodes d\u2019enseignement selon les milieux concern\u00e9s, encourager un travail d\u2019\u00e9quipe soutenu avec ses partenaires, et ce, dans un environnement international multiculturel.<\/p>\n<figure id=\"attachment_19\" class=\"wp-caption aligncenter\"><a href=\"http:\/\/www.uqac.ca\/gestionprojet\/wp-content\/uploads\/2015\/07\/photo-graduation.jpg\"><img loading=\"lazy\" decoding=\"async\" class=\" wp-image-19\" src=\"http:\/\/www.uqac.ca\/gestionprojet\/wp-content\/uploads\/2015\/07\/photo-graduation-300x158.jpg\" alt=\"Collation des grades \u00e0 l\u2019universit\u00e9 de Guizhou (Chine)\" width=\"503\" height=\"265\" \/><\/a><figcaption class=\"wp-caption-text\">Collation des grades \u00e0 l\u2019universit\u00e9 de Guizhou (Chine)<\/figcaption><\/figure>\n<p>&nbsp;<\/p>\n<p style=\"text-align: justify;\">Au cours des ann\u00e9es 80, l\u2019UQAC a d\u00e9but\u00e9 ses activit\u00e9s outre-mer principalement par des projets pilotes en recherche. Rapidement, l\u2019id\u00e9e de se tourner vers des programmes dit d\u00e9localis\u00e9s s\u2019est fait sentir. Par la suite, une s\u00e9rie d\u2019\u00e9changes avec des universit\u00e9s marocaines, libanaises, chinoises et colombiennes se sont concr\u00e9tis\u00e9s en projets conjoints. Aujourd\u2019hui, un nombre important de collaborations s\u2019est d\u00e9velopp\u00e9 entre l\u2019UQAC et des institutions \u00e9trang\u00e8res. Ces ententes font de l\u2019universit\u00e9 saguen\u00e9enne l\u2019une des plus actives en termes d\u2019effectif \u00e9tudiant \u00e0 l\u2019\u00e9tranger pour ce type de programmes tous secteurs confondus au Canada.<\/p>\n<p style=\"text-align: justify;\">Dans plusieurs pays o\u00f9 l\u2019institution est implant\u00e9e depuis plusieurs ann\u00e9es, sa notori\u00e9t\u00e9 la pr\u00e9c\u00e8de et un nombre impressionnant de candidatures sont soumises pour chaque nouvelle cohorte annuellement. Il est important de mentionner que le programme conjoint de MGP a re\u00e7u l\u2019approbation minist\u00e9rielle de la Chine depuis 2001, du Maroc et de la Colombie.<\/p>\n<p style=\"text-align: justify;\">La force de ce type de projet men\u00e9 \u00e0 l\u2019\u00e9tranger est possible gr\u00e2ce \u00e0 l\u2019implication et la participation de professeurs exp\u00e9riment\u00e9s qui sont constamment en mode de gestion d\u2019\u00e9quipe intercontinentale dans un march\u00e9 o\u00f9 la demande varie et \u00e9volue diff\u00e9remment.<\/p>\n<p style=\"text-align: justify;\">Ainsi, l\u2019UQAC est fi\u00e8re d\u2019offrir ce programme de deuxi\u00e8me cycle en Chine dans trois (3) universit\u00e9s diff\u00e9rentes ainsi que dans une universit\u00e9 colombienne.<\/p>\n<ul>\n<li style=\"text-align: justify;\"><strong>Universit\u00e9 des Technologies de Tianjin (TJUT)<\/strong>\u00a0\u2192 Pour en savoir plus sur la d\u00e9localisation de la gestion de projet au TJUT,\u00a0<a href=\"http:\/\/202.113.65.229\/entjut\/\" target=\"_blank\" rel=\"noopener\">cliquez\u00a0ici<\/a>.<\/li>\n<\/ul>\n<ul style=\"text-align: justify;\">\n<li><strong>Universit\u00e9 de Guizhou (GU)<\/strong>\u00a0\u2192 Pour en savoir plus sur la d\u00e9localisation de la gestion de projet \u00e0 GU,\u00a0<a href=\"http:\/\/www.gzu.edu.cn\/en\/\" target=\"_blank\" rel=\"noopener\">cliquez ici\u00a0<\/a>.<\/li>\n<\/ul>\n<ul style=\"text-align: justify;\">\n<li><strong>Universit\u00e9 du Commerce de Hangzhou (ZJGSU)<\/strong>\u00a0\u2192 Pour en savoir plus sur la d\u00e9localisation de la gestion de projet au ZJGSU,\u00a0<a href=\"http:\/\/www.zjgsu.edu.cn\/english\/\" target=\"_blank\" rel=\"noopener\">cliquez ici.<\/a><\/li>\n<\/ul>\n<ul>\n<li style=\"text-align: justify;\"><strong>Universidad \u2013 Escuela de Administraci\u00f3n de Negocios<\/strong>\u00a0\u2192 Pour en savoir plus sur la d\u00e9localisation de la gestion de projet \u00e0 l\u2019EAN (U EAN)\u00a0<a href=\"http:\/\/fr.ean.edu.co\/seccion\/inicio.html\" target=\"_blank\" rel=\"noopener\">cliquez ici<\/a>.<\/li>\n<\/ul>\n<p style=\"text-align: justify;\">Il est possible de consulter la liste des partenaires de l\u2019UQAC en mode d\u00e9localisation en suivant\u00a0<a href=\"http:\/\/www.uqac.ca\/international\/bureau_international\/programmes_enseignement.php\" target=\"_blank\" rel=\"noopener\">le lien suivant<\/a>.<\/p>\n","protected":false},"excerpt":{"rendered":"<p>INTERNATIONAL\u00a0| Nos programmes \u00e0 travers le monde Tous les ans, des \u00e9tudiants du monde entier viennent \u00e9tudier la gestion de projet \u00e0 l\u2019UQAC. Mais ce sont \u00e9galement des dizaines de [&hellip;]<\/p>\n","protected":false},"author":2,"featured_media":0,"parent":0,"menu_order":0,"comment_status":"closed","ping_status":"closed","template":"","meta":{"_acf_changed":false,"footnotes":""},"class_list":["post-548","page","type-page","status-publish","hentry"],"acf":[],"_links":{"self":[{"href":"https:\/\/www.uqac.ca\/lemgp\/wp-json\/wp\/v2\/pages\/548","targetHints":{"allow":["GET"]}}],"collection":[{"href":"https:\/\/www.uqac.ca\/lemgp\/wp-json\/wp\/v2\/pages"}],"about":[{"href":"https:\/\/www.uqac.ca\/lemgp\/wp-json\/wp\/v2\/types\/page"}],"author":[{"embeddable":true,"href":"https:\/\/www.uqac.ca\/lemgp\/wp-json\/wp\/v2\/users\/2"}],"replies":[{"embeddable":true,"href":"https:\/\/www.uqac.ca\/lemgp\/wp-json\/wp\/v2\/comments?post=548"}],"version-history":[{"count":4,"href":"https:\/\/www.uqac.ca\/lemgp\/wp-json\/wp\/v2\/pages\/548\/revisions"}],"predecessor-version":[{"id":554,"href":"https:\/\/www.uqac.ca\/lemgp\/wp-json\/wp\/v2\/pages\/548\/revisions\/554"}],"wp:attachment":[{"href":"https:\/\/www.uqac.ca\/lemgp\/wp-json\/wp\/v2\/media?parent=548"}],"curies":[{"name":"wp","href":"https:\/\/api.w.org\/{rel}","templated":true}]}}