{"id":14,"date":"2017-05-24T15:00:59","date_gmt":"2017-05-24T19:00:59","guid":{"rendered":"http:\/\/www.uqac.ca\/lerars\/?page_id=14"},"modified":"2025-11-18T14:25:54","modified_gmt":"2025-11-18T14:25:54","slug":"la-recherche","status":"publish","type":"page","link":"https:\/\/www.uqac.ca\/lerars\/la-recherche\/","title":{"rendered":"La recherche"},"content":{"rendered":"<h5>Activit\u00e9s d\u2019expertise et de recherche au LERARS<\/h5>\n<h5>2025<\/h5>\n<ul>\n<li><strong>Rendre visibles les orphelins au Canada<br \/>\n<\/strong>Cette recherche financ\u00e9e par les IRSC vise \u00e0 \u00e9tudier le ph\u00e9nom\u00e8ne de l&rsquo;orphelinage au Canada pour dresser un portrait de la sant\u00e9 (physique, mentale, sociale et spirituelle) et des besoins particuliers des jeunes qui ont v\u00e9cu le d\u00e9c\u00e8s de leur(s) parent(s) avant l&rsquo;\u00e2ge de 25 ans.<\/li>\n<\/ul>\n<ul>\n<li><strong>Diagnostic de sant\u00e9 spirituelle<br \/>\n<\/strong>Gr\u00e2ce \u00e0 un financement du CRSH (Soutien institutionnel) et de l&rsquo;OSM\u00c9ES, notre \u00e9quipe \u00e9labore actuellement un outil de diagnostic spirituel, permettant une utilisation en recherche et en intervention afin d&rsquo;\u00e9valuer la sant\u00e9 spirituelle d&rsquo;adolescents et d&rsquo;adultes. Cet outil sera ensuite test\u00e9 dans diff\u00e9rentes cultures francophones en vue d&rsquo;une utilisation plus large et comparative aupr\u00e8s de personnes ayant une confession religieuse ou non.<\/li>\n<\/ul>\n<p>&nbsp;<\/p>\n","protected":false},"excerpt":{"rendered":"<p>Activit\u00e9s d\u2019expertise et de recherche au LERARS 2025 Rendre visibles les orphelins au Canada Cette recherche financ\u00e9e par les IRSC vise \u00e0 \u00e9tudier le ph\u00e9nom\u00e8ne de l&rsquo;orphelinage au Canada pour dresser un portrait de la sant\u00e9 (physique, mentale, sociale et spirituelle) et des besoins particuliers des jeunes qui ont v\u00e9cu le d\u00e9c\u00e8s de leur(s) parent(s) [&hellip;]<\/p>\n","protected":false},"author":2,"featured_media":0,"parent":0,"menu_order":0,"comment_status":"closed","ping_status":"closed","template":"","meta":{"_acf_changed":false,"footnotes":""},"acf":[],"_links":{"self":[{"href":"https:\/\/www.uqac.ca\/lerars\/wp-json\/wp\/v2\/pages\/14"}],"collection":[{"href":"https:\/\/www.uqac.ca\/lerars\/wp-json\/wp\/v2\/pages"}],"about":[{"href":"https:\/\/www.uqac.ca\/lerars\/wp-json\/wp\/v2\/types\/page"}],"author":[{"embeddable":true,"href":"https:\/\/www.uqac.ca\/lerars\/wp-json\/wp\/v2\/users\/2"}],"replies":[{"embeddable":true,"href":"https:\/\/www.uqac.ca\/lerars\/wp-json\/wp\/v2\/comments?post=14"}],"version-history":[{"count":21,"href":"https:\/\/www.uqac.ca\/lerars\/wp-json\/wp\/v2\/pages\/14\/revisions"}],"predecessor-version":[{"id":386,"href":"https:\/\/www.uqac.ca\/lerars\/wp-json\/wp\/v2\/pages\/14\/revisions\/386"}],"wp:attachment":[{"href":"https:\/\/www.uqac.ca\/lerars\/wp-json\/wp\/v2\/media?parent=14"}],"curies":[{"name":"wp","href":"https:\/\/api.w.org\/{rel}","templated":true}]}}