{"id":27091,"date":"2024-03-04T18:33:08","date_gmt":"2024-03-04T23:33:08","guid":{"rendered":"http:\/\/www.uqac.ca\/registraire\/?page_id=27091"},"modified":"2025-12-16T16:57:20","modified_gmt":"2025-12-16T21:57:20","slug":"procedure-relative-aux-representations-des-candidat-es-par-des-agences-ou-tierces-personnes","status":"publish","type":"page","link":"https:\/\/www.uqac.ca\/registraire\/procedure-relative-aux-representations-des-candidat-es-par-des-agences-ou-tierces-personnes\/","title":{"rendered":"Proc\u00e9dure relative aux repr\u00e9sentations des candidat(e)s ou \u00e9tudiant(e)s par des agences ou tierces personnes"},"content":{"rendered":"<h2 style=\"text-align: left;\">Repr\u00e9sentation de candidates et candidats ou d&rsquo;\u00e9tudiantes ou d&rsquo;\u00e9tudiants par procuration<\/h2>\n<p>En vertu de <em>la Loi sur l\u2019acc\u00e8s aux documents des organismes publics et sur la protection des renseignements personnels<\/em>, l&rsquo;UQAC a adopt\u00e9 une proc\u00e9dure pour \u00e9changer avec les agences ou les tierces personnes des renseignements personnels concernant les \u00e9tudiant.es ou candidat.es qui d\u00e9sirent \u00eatre repr\u00e9sent\u00e9s. Les \u00e9tudiants ou candidats pour lesquels les agences ou tierces personnes veulent transmettre une demande d\u2019admission sont invit\u00e9s \u00e0 communiquer directement avec nous pour tout \u00e9change d\u2019informations en lien avec leur dossier d\u2019admission.<\/p>\n<p>Notre \u00e9tablissement exige donc aux repr\u00e9sentants d&rsquo;agence ou aux tierces personnes de fournir le formulaire de procuration standardis\u00e9 de notre \u00e9tablissement.<\/p>\n<h5>Voici les \u00e9tapes de la proc\u00e9dure \u00e0 suivre\u00a0:<\/h5>\n<p><strong>&#8211; L\u2019\u00e9tudiant ou le candidat t\u00e9l\u00e9charge le <a href=\"https:\/\/www.uqac.ca\/registraire\/wp-content\/uploads\/2024\/03\/Procuration-UQAC-VF.pdf\">formulaire de procuration<\/a> sur notre site internet et le remplir ;<\/strong><\/p>\n<p><strong>&#8211; L\u2019\u00e9tudiant ou le candidat transmet le formulaire d\u00fbment rempli au bureau du registraire de l\u2019UQAC en personne ou par courriel \u00e0 <\/strong><a href=\"mailto:bureau_registraire@uqac.ca\"><strong>bureau_registraire@uqac.ca<\/strong><\/a><strong> ;<\/strong><\/p>\n<p><strong>&#8211; Le bureau du registraire re\u00e7oit le formulaire pour l\u2019ajouter au dossier de l\u2019\u00e9tudiant ; <\/strong><\/p>\n<p><strong>&#8211; Le bureau du registraire transmet le formulaire par courriel au mandataire (agence ou tierce personne) ;<\/strong><\/p>\n<p><strong>&#8211; Le mandataire a ensuite l\u2019obligation de <u>pr\u00e9senter le formulaire en personne<\/u> au bureau du registraire avec une pi\u00e8ce d\u2019identit\u00e9 avec photo et signature ; <\/strong><\/p>\n<p><strong>&#8211; Le mandataire doit \u00e9galement pr\u00e9senter une copie d\u2019une pi\u00e8ce d\u2019identit\u00e9 avec photo et signature de l\u2019\u00e9tudiant ou candidat qu\u2019il repr\u00e9sente. <\/strong><\/p>\n<p>L&rsquo;UQAC tient \u00e0 pr\u00e9ciser que ces nouvelles exigences ont \u00e9t\u00e9 \u00e9tablies afin de respecter la loi en vigueur<a href=\"#_ftn1\" name=\"_ftnref1\">[1]<\/a> et s\u2019assurer d\u2019\u00e9viter la transmission des dossiers frauduleux.<\/p>\n<p><a href=\"#_ftnref1\" name=\"_ftn1\">[1]<\/a><\/p>\n<p>Pour consulter la Loi sur l\u2019acc\u00e8s aux documents des organismes publics et sur la protection des renseignements personnels\u00a0: <a href=\"https:\/\/www.legisquebec.gouv.qc.ca\/fr\/document\/lc\/A-2.1\">A-2.1 &#8211; Loi sur l\u2019acc\u00e8s aux documents des organismes publics et sur la protection des renseignements personnels (gouv.qc.ca)<\/a><\/p>\n","protected":false},"excerpt":{"rendered":"<p>Repr\u00e9sentation de candidates et candidats ou d&rsquo;\u00e9tudiantes ou d&rsquo;\u00e9tudiants par procuration En vertu de la Loi sur l\u2019acc\u00e8s aux documents des organismes publics et sur la protection des renseignements personnels, l&rsquo;UQAC a adopt\u00e9 une proc\u00e9dure pour \u00e9changer avec les agences ou les tierces personnes des renseignements personnels concernant les \u00e9tudiant.es ou candidat.es qui d\u00e9sirent \u00eatre [&hellip;]<\/p>\n","protected":false},"author":37,"featured_media":0,"parent":0,"menu_order":0,"comment_status":"closed","ping_status":"closed","template":"","meta":{"_acf_changed":false,"footnotes":""},"domaine":[],"acf":[],"_links":{"self":[{"href":"https:\/\/www.uqac.ca\/registraire\/wp-json\/wp\/v2\/pages\/27091"}],"collection":[{"href":"https:\/\/www.uqac.ca\/registraire\/wp-json\/wp\/v2\/pages"}],"about":[{"href":"https:\/\/www.uqac.ca\/registraire\/wp-json\/wp\/v2\/types\/page"}],"author":[{"embeddable":true,"href":"https:\/\/www.uqac.ca\/registraire\/wp-json\/wp\/v2\/users\/37"}],"replies":[{"embeddable":true,"href":"https:\/\/www.uqac.ca\/registraire\/wp-json\/wp\/v2\/comments?post=27091"}],"version-history":[{"count":14,"href":"https:\/\/www.uqac.ca\/registraire\/wp-json\/wp\/v2\/pages\/27091\/revisions"}],"predecessor-version":[{"id":35110,"href":"https:\/\/www.uqac.ca\/registraire\/wp-json\/wp\/v2\/pages\/27091\/revisions\/35110"}],"wp:attachment":[{"href":"https:\/\/www.uqac.ca\/registraire\/wp-json\/wp\/v2\/media?parent=27091"}],"wp:term":[{"taxonomy":"domaine","embeddable":true,"href":"https:\/\/www.uqac.ca\/registraire\/wp-json\/wp\/v2\/domaine?post=27091"}],"curies":[{"name":"wp","href":"https:\/\/api.w.org\/{rel}","templated":true}]}}