{"id":33118,"date":"2025-03-31T14:23:26","date_gmt":"2025-03-31T18:23:26","guid":{"rendered":"https:\/\/www.uqac.ca\/registraire\/?page_id=33118"},"modified":"2026-01-19T10:45:56","modified_gmt":"2026-01-19T15:45:56","slug":"procedure-de-declaration-beneficier-du-tarif-quebecois-des-droits-de-scolarite-en-tant-que-resident-du-quebec","status":"publish","type":"page","link":"https:\/\/www.uqac.ca\/registraire\/procedure-de-declaration-beneficier-du-tarif-quebecois-des-droits-de-scolarite-en-tant-que-resident-du-quebec\/","title":{"rendered":"Formulaire et proc\u00e9dure de d\u00e9claration &#8211; Attestation du statut de r\u00e9sident du Qu\u00e9bec pour les personnes d\u00e9tenant la citoyennet\u00e9 canadienne, le statut de r\u00e9sident permanent ou d&rsquo;Autochtone au Canada"},"content":{"rendered":"<p>Selon la <a href=\"https:\/\/www.uqac.ca\/registraire\/wp-content\/uploads\/2025\/03\/Document-de-reference-sur-letablissement-du-statut-de-resident-du-Quebec-dans-le-reseau-universitaire-2025.pdf\">Politique relative aux droits de scolarit\u00e9 exig\u00e9s des \u00e9tudiants canadiens non-r\u00e9sidents du Qu\u00e9bec par les universit\u00e9s du Qu\u00e9bec (2025)<\/a> du minist\u00e8re de l\u2019Enseignement sup\u00e9rieur (MES), <u>les personnes \u00e9tudiantes consid\u00e9r\u00e9es comme r\u00e9sidentes du Qu\u00e9bec peuvent b\u00e9n\u00e9ficier des <\/u><u>tarifs qu\u00e9b\u00e9cois des droits de scolarit\u00e9.<\/u><\/p>\n<ul>\n<li>\n<h5><strong>Crit\u00e8res d\u2019admissibilit\u00e9 <\/strong><\/h5>\n<\/li>\n<\/ul>\n<p>Pour vous pr\u00e9valoir du statut de r\u00e9sident du Qu\u00e9bec, vous devez r\u00e9pondre aux deux crit\u00e8res suivants:<\/p>\n<ul>\n<li>\u00catre citoyen canadien, avoir le statut r\u00e9sident permanent ou autochtone du Canada<\/li>\n<li>\u00catre dans l\u2019une des situations cit\u00e9es dans le formulaire d\u2019Attestation du statut de r\u00e9sident du Qu\u00e9bec \u00e0 l\u2019intention des \u00e9tudiants universitaires.<\/li>\n<\/ul>\n<p>Si vous r\u00e9pondez aux crit\u00e8res d\u2019admissibilit\u00e9, <u>vous pouvez \u00eatre exempt\u00e9 du montant forfaitaire que doivent payer les personnes \u00e9tudiantes canadiennes non r\u00e9sidentes du Qu\u00e9bec.\u00a0 <\/u>Pour ce faire, il est de votre responsabilit\u00e9 de d\u00e9montrer votre statut de r\u00e9sident du Qu\u00e9bec aupr\u00e8s du Bureau du registraire de l\u2019UQAC en fournissant les pi\u00e8ces justificatives exig\u00e9es.<\/p>\n<ul>\n<li>\n<h5><strong>Proc\u00e9dure <\/strong><\/h5>\n<\/li>\n<\/ul>\n<p><strong><u>\u00c9tape 1<\/u><\/strong>\u00a0: Compl\u00e9ter le formulaire <a href=\"https:\/\/www.uqac.ca\/registraire\/wp-content\/uploads\/2025\/03\/Formulaire-SRQ-Universite-2025.pdf\">d\u2019Attestation du statut de r\u00e9sident du Qu\u00e9bec \u00e0 l\u2019intention des \u00e9tudiants universitaires<\/a> :<\/p>\n<ul>\n<li style=\"list-style-type: none;\">\n<ul>\n<li><strong>Veuillez indiquer, \u00e0 la <\/strong><strong>section 2<\/strong><strong>, votre statut l\u00e9gal au Canada (cochez la case appropri\u00e9e)<\/strong><\/li>\n<li><strong>Veuillez indiquer, \u00e0 la <\/strong><strong>section 3<\/strong><strong>,\u00a0<u>la<\/u>\u00a0situation qui s\u2019applique \u00e0 vous <\/strong><strong>parmi les 15 situations <\/strong><strong>(une seulement) en lien avec votre statut au Qu\u00e9bec (cochez la case appropri\u00e9e)<\/strong><\/li>\n<li><strong>Veuillez dater et signer, \u00e0 la section 4 <\/strong><\/li>\n<\/ul>\n<\/li>\n<\/ul>\n<p><em>*Si aucune des situations list\u00e9es dans le formulaire d\u2019attestation ne s\u2019applique \u00e0 vous \u00e0 la section 3 du formulaire, <\/em><em>veuillez choisir la situation 15 (aucune de ces situations ne s\u2019applique \u00e0 moi) et nous retourner le formulaire d\u00fbment rempli, en y ajoutant la date et votre signature.<\/em><\/p>\n<p><strong><u>\u00c9tape 2<\/u><\/strong><strong>\u00a0:<\/strong> Joindre les pi\u00e8ces justificatives demand\u00e9es dans le formulaire selon votre statut l\u00e9gal au Canada (section 2) et votre situation au Qu\u00e9bec (section 3), en plus des d\u00e9clarations sous serment, si votre situation l\u2019exige. Voir les mod\u00e8les ci-dessous, \u00e0 t\u00e9l\u00e9charger et \u00e0 remplir.<\/p>\n<p>Mod\u00e8les de d\u00e9claration sous serment\u00a0exig\u00e9s pour la :<\/p>\n<ul>\n<li><a href=\"https:\/\/www.uqac.ca\/registraire\/wp-content\/uploads\/2025\/01\/ResQc-situation6-declaration-UQAC-12-mois-au-QC-sans-etudes-a-temps-complet.pdf\">Situation 6<\/a><\/li>\n<li><a href=\"https:\/\/www.uqac.ca\/registraire\/wp-content\/uploads\/2025\/09\/ResQc-situation8-citoyennete-canadienne-declaration-UQAC-3-mois-au-QC.pdf\">Situation 8 &#8211; Citoyennet\u00e9 canadienne<\/a><\/li>\n<li><a href=\"https:\/\/www.uqac.ca\/registraire\/wp-content\/uploads\/2025\/09\/ResQc-situation8-residence-permanente-declaration-UQAC-3-mois-au-QC.pdf\">Situation 8 &#8211; R\u00e9sidence permanente au Canada<\/a><\/li>\n<li><a href=\"https:\/\/www.uqac.ca\/registraire\/wp-content\/uploads\/2025\/01\/ResQc-situation9-declaration-UQAC-conjoint-de-fait.pdf\">Situation 9<\/a><em><br \/>\n<\/em><\/li>\n<\/ul>\n<p><strong><u>\u00c9tape 3\u00a0:<\/u><\/strong> Retourner le formulaire d\u00fbment rempli, ainsi que tous les documents exig\u00e9s selon la situation choisie \u00e0 la section 3, au Bureau du registraire \u00e0 l\u2019adresse<br \/>\n<a href=\"mailto:documents@uqac.ca\">documents@uqac.ca<\/a> .<\/p>\n<p><em>*Les informations transmises par les personnes \u00e9tudiantes feront l\u2019objet de v\u00e9rifications par l\u2019\u00e9quipe du Bureau du registraire.<\/em><\/p>\n<ul>\n<li>\n<h5><strong>Dates limites \u00e0 respecter<\/strong><\/h5>\n<\/li>\n<\/ul>\n<p>Vous avez la responsabilit\u00e9 de transmettre les pi\u00e8ces justificatives n\u00e9cessaires au cours du trimestre vis\u00e9 par votre demande de changement de statut, afin que votre facture des droits de scolarit\u00e9 soit ajust\u00e9e. Voici les dates limites \u00e0 respecter :<\/p>\n<table>\n<tbody>\n<tr>\n<td width=\"288\"><strong>Trimestre d\u2019inscription\u00a0:<\/strong><\/td>\n<td width=\"288\"><strong>Date limite\u00a0:<\/strong><\/td>\n<\/tr>\n<tr>\n<td width=\"288\">\u00c9t\u00e9<\/td>\n<td width=\"288\">Le 15 ao\u00fbt<\/td>\n<\/tr>\n<tr>\n<td width=\"288\">Automne<\/td>\n<td width=\"288\">Le 15 d\u00e9cembre<\/td>\n<\/tr>\n<tr>\n<td width=\"288\">Hiver<\/td>\n<td width=\"288\">Le 15 avril<\/td>\n<\/tr>\n<\/tbody>\n<\/table>\n<p>&nbsp;<\/p>\n<p><strong>Au-del\u00e0 de ces dates, aucun ajustement ne pourra \u00eatre fait \u00e0 vos droits de scolarit\u00e9 et vous devrez payer les droits de scolarit\u00e9 correspondant au tarif canadien.<br \/>\n<\/strong><\/p>\n<p>L\u2019ajustement de vos droits de scolarit\u00e9 s\u2019appliquera \u00e0 partir du trimestre au cours duquel votre statut de r\u00e9sident du Qu\u00e9bec sera confirm\u00e9. Aucun ajustement r\u00e9troactif ne sera effectu\u00e9 pour les trimestres ant\u00e9rieurs.<\/p>\n<p>Pour obtenir les co\u00fbts approximatifs d\u2019un trimestre d\u2019\u00e9tudes, vous pouvez utiliser\u00a0<a href=\"https:\/\/apps.uqac.ca\/calculcout\/\"><strong>l\u2019outil de simulation des frais de scolarit\u00e9<\/strong><\/a>\u00a0du Service des ressources financi\u00e8res de l\u2019UQAC afin d\u2019obtenir le montant approximatif de vos droits de scolarit\u00e9 selon votre statut (Qu\u00e9b\u00e9cois et\/ou r\u00e9sident permanent = r\u00e9sident du Qu\u00e9bec \/ Canadien non qu\u00e9b\u00e9cois = non-r\u00e9sident du Qu\u00e9bec).<\/p>\n<p><strong>\u00a0<\/strong><\/p>\n","protected":false},"excerpt":{"rendered":"<p>Selon la Politique relative aux droits de scolarit\u00e9 exig\u00e9s des \u00e9tudiants canadiens non-r\u00e9sidents du Qu\u00e9bec par les universit\u00e9s du Qu\u00e9bec (2025) du minist\u00e8re de l\u2019Enseignement sup\u00e9rieur (MES), les personnes \u00e9tudiantes consid\u00e9r\u00e9es comme r\u00e9sidentes du Qu\u00e9bec peuvent b\u00e9n\u00e9ficier des tarifs qu\u00e9b\u00e9cois des droits de scolarit\u00e9. Crit\u00e8res d\u2019admissibilit\u00e9 Pour vous pr\u00e9valoir du statut de r\u00e9sident du Qu\u00e9bec, [&hellip;]<\/p>\n","protected":false},"author":37,"featured_media":0,"parent":0,"menu_order":0,"comment_status":"closed","ping_status":"closed","template":"","meta":{"_acf_changed":false,"footnotes":""},"domaine":[],"acf":[],"_links":{"self":[{"href":"https:\/\/www.uqac.ca\/registraire\/wp-json\/wp\/v2\/pages\/33118"}],"collection":[{"href":"https:\/\/www.uqac.ca\/registraire\/wp-json\/wp\/v2\/pages"}],"about":[{"href":"https:\/\/www.uqac.ca\/registraire\/wp-json\/wp\/v2\/types\/page"}],"author":[{"embeddable":true,"href":"https:\/\/www.uqac.ca\/registraire\/wp-json\/wp\/v2\/users\/37"}],"replies":[{"embeddable":true,"href":"https:\/\/www.uqac.ca\/registraire\/wp-json\/wp\/v2\/comments?post=33118"}],"version-history":[{"count":18,"href":"https:\/\/www.uqac.ca\/registraire\/wp-json\/wp\/v2\/pages\/33118\/revisions"}],"predecessor-version":[{"id":35350,"href":"https:\/\/www.uqac.ca\/registraire\/wp-json\/wp\/v2\/pages\/33118\/revisions\/35350"}],"wp:attachment":[{"href":"https:\/\/www.uqac.ca\/registraire\/wp-json\/wp\/v2\/media?parent=33118"}],"wp:term":[{"taxonomy":"domaine","embeddable":true,"href":"https:\/\/www.uqac.ca\/registraire\/wp-json\/wp\/v2\/domaine?post=33118"}],"curies":[{"name":"wp","href":"https:\/\/api.w.org\/{rel}","templated":true}]}}