{"id":622,"date":"2020-05-21T19:22:52","date_gmt":"2020-05-21T17:22:52","guid":{"rendered":"https:\/\/www.uqac.ca\/sept-iles2\/?page_id=622"},"modified":"2020-05-22T15:48:01","modified_gmt":"2020-05-22T13:48:01","slug":"formulaire-dinscription-sur-une-liste-dattente","status":"publish","type":"page","link":"https:\/\/www.uqac.ca\/sept-iles\/formulaire-dinscription-sur-une-liste-dattente\/","title":{"rendered":"Formulaire d&rsquo;inscription sur une liste d&rsquo;attente"},"content":{"rendered":"<h4>Liste d&rsquo;attente<\/h4>\n<div class=\"frm_forms  with_frm_style frm_style_formidable-style\" id=\"frm_form_3_container\" >\n<form enctype=\"multipart\/form-data\" method=\"post\" class=\"frm-show-form  frm_pro_form \" id=\"form_se9mj\" >\n<div class=\"frm_form_fields \">\n<fieldset>\n<legend class=\"frm_screen_reader\">Formulaire d'inscription sur une liste d'attente<\/legend>\r\n\r\n<div class=\"frm_fields_container\">\n<input type=\"hidden\" name=\"frm_action\" value=\"create\" \/>\n<input type=\"hidden\" name=\"form_id\" value=\"3\" \/>\n<input type=\"hidden\" name=\"frm_hide_fields_3\" id=\"frm_hide_fields_3\" value=\"\" \/>\n<input type=\"hidden\" name=\"form_key\" value=\"se9mj\" \/>\n<input type=\"hidden\" name=\"item_meta[0]\" value=\"\" \/>\n<input type=\"hidden\" id=\"frm_submit_entry_3\" name=\"frm_submit_entry_3\" value=\"af59135eba\" \/><input type=\"hidden\" name=\"_wp_http_referer\" value=\"\/sept-iles\/wp-json\/wp\/v2\/pages\/622\" \/><div id=\"frm_field_10_container\" class=\"frm_form_field form-field  frm_top_container\">\r\n    <label for=\"field_q3h68\" id=\"field_q3h68_label\" class=\"frm_primary_label\">Pr\u00e9nom\r\n        <span class=\"frm_required\"><\/span>\r\n    <\/label>\r\n    <input  type=\"text\" id=\"field_q3h68\" name=\"item_meta[10]\" value=\"\"  data-invmsg=\"Text is invalid\" aria-invalid=\"false\"   \/>\r\n    \r\n    \r\n<\/div>\n<div id=\"frm_field_11_container\" class=\"frm_form_field form-field  frm_top_container\">\r\n    <label for=\"field_npnv8\" id=\"field_npnv8_label\" class=\"frm_primary_label\">Nom\r\n        <span class=\"frm_required\"><\/span>\r\n    <\/label>\r\n    <input  type=\"text\" id=\"field_npnv8\" name=\"item_meta[11]\" value=\"\"  data-invmsg=\"Text is invalid\" aria-invalid=\"false\"   \/>\r\n    \r\n    \r\n<\/div>\n<div id=\"frm_field_12_container\" class=\"frm_form_field form-field  frm_top_container\">\r\n    <label for=\"field_po4qa\" id=\"field_po4qa_label\" class=\"frm_primary_label\">Courriel\r\n        <span class=\"frm_required\"><\/span>\r\n    <\/label>\r\n    <input type=\"email\" id=\"field_po4qa\" name=\"item_meta[12]\" value=\"\"  data-invmsg=\"Email is invalid\" aria-invalid=\"false\"  \/>\r\n    \r\n    \r\n<\/div>\n<div id=\"frm_field_13_container\" class=\"frm_form_field form-field  frm_top_container\">\r\n    <label for=\"field_e7sqb\" id=\"field_e7sqb_label\" class=\"frm_primary_label\">Num\u00e9ro de t\u00e9l\u00e9phone\r\n        <span class=\"frm_required\"><\/span>\r\n    <\/label>\r\n    <input type=\"tel\" id=\"field_e7sqb\" name=\"item_meta[13]\" value=\"\"  data-invmsg=\"Phone is invalid\" aria-invalid=\"false\" pattern=\"((\\+\\d{1,3}(-|.| )?\\(?\\d\\)?(-| |.)?\\d{1,5})|(\\(?\\d{2,6}\\)?))(-|.| )?(\\d{3,4})(-|.| )?(\\d{4})(( x| ext)\\d{1,5}){0,1}$\"  \/>\r\n    \r\n    \r\n<\/div>\n<div id=\"frm_field_14_container\" class=\"frm_form_field form-field  frm_top_container\">\r\n    <label for=\"field_ieu60\" id=\"field_ieu60_label\" class=\"frm_primary_label\">Adresse postale\r\n        <span class=\"frm_required\"><\/span>\r\n    <\/label>\r\n    <textarea name=\"item_meta[14]\" id=\"field_ieu60\" rows=\"5\"  data-invmsg=\"Adresse postale est non valide\" aria-invalid=\"false\"  ><\/textarea>\r\n    \r\n    \r\n<\/div>\n<div id=\"frm_field_15_container\" class=\"frm_form_field form-field  frm_top_container\">\r\n    <label for=\"field_kx2js\" id=\"field_kx2js_label\" class=\"frm_primary_label\">Programme souhait\u00e9\r\n        <span class=\"frm_required\"><\/span>\r\n    <\/label>\r\n    <input  type=\"text\" id=\"field_kx2js\" name=\"item_meta[15]\" value=\"\"  data-invmsg=\"Text is invalid\" aria-invalid=\"false\"   \/>\r\n    \r\n    \r\n<\/div>\n<div id=\"frm_field_16_container\" class=\"frm_form_field form-field  frm_top_container\">\r\n    <label for=\"field_dm7hk\" id=\"field_dm7hk_label\" class=\"frm_primary_label\">Lieu de formation souhait\u00e9\r\n        <span class=\"frm_required\"><\/span>\r\n    <\/label>\r\n    <input  type=\"text\" id=\"field_dm7hk\" name=\"item_meta[16]\" value=\"\"  data-invmsg=\"Text is invalid\" aria-invalid=\"false\"   \/>\r\n    \r\n    \r\n<\/div>\n<div id=\"frm_field_18_container\" class=\"frm_form_field form-field  frm_top_container\">\r\n    <label for=\"field_se6qv\" id=\"field_se6qv_label\" class=\"frm_primary_label\">Commentaires\r\n        <span class=\"frm_required\"><\/span>\r\n    <\/label>\r\n    <textarea name=\"item_meta[18]\" id=\"field_se6qv\" rows=\"5\"  data-invmsg=\"Commentaires est non valide\" aria-invalid=\"false\"  ><\/textarea>\r\n    \r\n    \r\n<\/div>\n<div id=\"frm_field_52_container\" class=\"frm_form_field form-field  frm_none_container\">\n\t<label for=\"g-recaptcha-response\" id=\"field_ftidv_label\" class=\"frm_primary_label\">Captcha\n\t\t<span class=\"frm_required\" aria-hidden=\"true\"><\/span>\n\t<\/label>\n\t<div  id=\"field_ftidv\" class=\"frm-g-recaptcha\" data-sitekey=\"6LcNY88pAAAAANKu7Yy7wQWrH6E8WtwFYVNXMt7D\" data-size=\"invisible\" data-theme=\"light\"><\/div>\n\t\n\t\n<\/div>\n<div id=\"frm_field_51_container\" class=\"frm_form_field form-field \">\n\t<div class=\"frm_submit\">\r\n\r\n<button class=\"frm_button_submit frm_final_submit\" type=\"submit\"   formnovalidate=\"formnovalidate\">Envoyer<\/button>\r\n\r\n<\/div>\n<\/div>\n\t<input type=\"hidden\" name=\"item_key\" value=\"\" \/>\n\t\t\t<div id=\"frm_field_57_container\">\n\t\t\t<label for=\"field_wltl4\" >\n\t\t\t\tSi vous \u00eates un humain, ne remplissez pas ce champ.\t\t\t<\/label>\n\t\t\t<input  id=\"field_wltl4\" type=\"text\" class=\"frm_form_field form-field frm_verify\" name=\"item_meta[57]\" value=\"\"  \/>\n\t\t<\/div>\n\t\t<input name=\"frm_state\" type=\"hidden\" value=\"nC+JTeMbHRJ94UKLecCZNdW+3i450OQfsZYAekLR1Vd4HpFGEpYwAgFd7ubpGdDw\" \/><\/div>\n<\/fieldset>\n<\/div>\n\n<\/form>\n<\/div>\n\n","protected":false},"excerpt":{"rendered":"<p>Liste d&rsquo;attente<\/p>\n","protected":false},"author":3,"featured_media":0,"parent":0,"menu_order":0,"comment_status":"closed","ping_status":"closed","template":"","meta":{"_acf_changed":false,"footnotes":""},"acf":[],"_links":{"self":[{"href":"https:\/\/www.uqac.ca\/sept-iles\/wp-json\/wp\/v2\/pages\/622"}],"collection":[{"href":"https:\/\/www.uqac.ca\/sept-iles\/wp-json\/wp\/v2\/pages"}],"about":[{"href":"https:\/\/www.uqac.ca\/sept-iles\/wp-json\/wp\/v2\/types\/page"}],"author":[{"embeddable":true,"href":"https:\/\/www.uqac.ca\/sept-iles\/wp-json\/wp\/v2\/users\/3"}],"replies":[{"embeddable":true,"href":"https:\/\/www.uqac.ca\/sept-iles\/wp-json\/wp\/v2\/comments?post=622"}],"version-history":[{"count":3,"href":"https:\/\/www.uqac.ca\/sept-iles\/wp-json\/wp\/v2\/pages\/622\/revisions"}],"predecessor-version":[{"id":684,"href":"https:\/\/www.uqac.ca\/sept-iles\/wp-json\/wp\/v2\/pages\/622\/revisions\/684"}],"wp:attachment":[{"href":"https:\/\/www.uqac.ca\/sept-iles\/wp-json\/wp\/v2\/media?parent=622"}],"curies":[{"name":"wp","href":"https:\/\/api.w.org\/{rel}","templated":true}]}}