{"id":166,"date":"2021-09-24T16:32:04","date_gmt":"2021-09-24T14:32:04","guid":{"rendered":"https:\/\/www.uqac.ca\/isolime2\/?page_id=166"},"modified":"2022-01-24T10:38:46","modified_gmt":"2022-01-24T15:38:46","slug":"les-esters-synthetiques-comme-alternatives-a-lhuile-minerale-dans-les-transformateurs-servant-dans-les-regions-froides","status":"publish","type":"page","link":"https:\/\/www.uqac.ca\/viaht\/les-esters-synthetiques-comme-alternatives-a-lhuile-minerale-dans-les-transformateurs-servant-dans-les-regions-froides\/","title":{"rendered":"Les esters synth\u00e9tiques comme alternatives \u00e0 l&rsquo;huile min\u00e9rale dans les transformateurs servant dans les r\u00e9gions froides"},"content":{"rendered":"<h4>Les esters synth\u00e9tiques comme alternatives \u00e0 l&rsquo;huile min\u00e9rale dans les transformateurs servant dans les r\u00e9gions froides<\/h4>\n<p>Ce travail de recherche vise \u00e0 \u00e9tudier les ph\u00e9nom\u00e8nes de pr\u00e9claquage dans les esters di\u00e9lectriques \u00e0 bas point d\u2019\u00e9coulement pour une application dans les transformateurs desservant les r\u00e9gions froides. Ces liquides repr\u00e9sentent un investissement plus s\u00fbr, dans un monde plus respectueux de l\u2019environnement. Les r\u00e9sultats escompt\u00e9s permettront non seulement d\u2019approfondir nos connaissances sur le comportement avant panne, mais seront \u00e9galement b\u00e9n\u00e9fiques aux ing\u00e9nieurs de conception pour une meilleure conception du syst\u00e8me d\u2019isolation des transformateurs de demain. De plus, les aspects de r\u00e9g\u00e9n\u00e9ration de ces nouveaux fluides (fluides esters) sont importants pour g\u00e9rer les situations de fin de vie et une \u00e9ventuelle prolongation de la dur\u00e9e de vie utile. Par cons\u00e9quent, la pr\u00e9sente recherche se concentrera \u00e9galement sur les avenues de r\u00e9g\u00e9n\u00e9ration des fluides esters.<\/p>\n<p><img loading=\"lazy\" decoding=\"async\" class=\"aligncenter wp-image-167\" src=\"https:\/\/www.uqac.ca\/isolime2\/wp-content\/uploads\/2021\/09\/projet2-300x225.jpg\" alt=\"\" width=\"333\" height=\"250\" srcset=\"https:\/\/www.uqac.ca\/viaht\/wp-content\/uploads\/2021\/09\/projet2-300x225.jpg 300w, https:\/\/www.uqac.ca\/viaht\/wp-content\/uploads\/2021\/09\/projet2-768x576.jpg 768w, https:\/\/www.uqac.ca\/viaht\/wp-content\/uploads\/2021\/09\/projet2.jpg 814w\" sizes=\"auto, (max-width: 333px) 100vw, 333px\" \/><\/p>\n<p>&nbsp;<\/p>\n<p>&nbsp;<\/p>\n","protected":false},"excerpt":{"rendered":"<p>Les esters synth\u00e9tiques comme alternatives \u00e0 l&rsquo;huile min\u00e9rale dans les transformateurs servant dans les r\u00e9gions froides Ce travail de recherche vise \u00e0 \u00e9tudier les ph\u00e9nom\u00e8nes de pr\u00e9claquage dans les esters di\u00e9lectriques \u00e0 bas point d\u2019\u00e9coulement pour une application dans les transformateurs desservant les r\u00e9gions froides. Ces liquides repr\u00e9sentent un investissement plus s\u00fbr, dans un monde [&hellip;]<\/p>\n","protected":false},"author":3,"featured_media":0,"parent":0,"menu_order":0,"comment_status":"closed","ping_status":"closed","template":"","meta":{"_acf_changed":false,"footnotes":""},"class_list":["post-166","page","type-page","status-publish","hentry"],"acf":[],"_links":{"self":[{"href":"https:\/\/www.uqac.ca\/viaht\/wp-json\/wp\/v2\/pages\/166","targetHints":{"allow":["GET"]}}],"collection":[{"href":"https:\/\/www.uqac.ca\/viaht\/wp-json\/wp\/v2\/pages"}],"about":[{"href":"https:\/\/www.uqac.ca\/viaht\/wp-json\/wp\/v2\/types\/page"}],"author":[{"embeddable":true,"href":"https:\/\/www.uqac.ca\/viaht\/wp-json\/wp\/v2\/users\/3"}],"replies":[{"embeddable":true,"href":"https:\/\/www.uqac.ca\/viaht\/wp-json\/wp\/v2\/comments?post=166"}],"version-history":[{"count":4,"href":"https:\/\/www.uqac.ca\/viaht\/wp-json\/wp\/v2\/pages\/166\/revisions"}],"predecessor-version":[{"id":428,"href":"https:\/\/www.uqac.ca\/viaht\/wp-json\/wp\/v2\/pages\/166\/revisions\/428"}],"wp:attachment":[{"href":"https:\/\/www.uqac.ca\/viaht\/wp-json\/wp\/v2\/media?parent=166"}],"curies":[{"name":"wp","href":"https:\/\/api.w.org\/{rel}","templated":true}]}}