{"id":170,"date":"2021-09-24T16:38:31","date_gmt":"2021-09-24T14:38:31","guid":{"rendered":"https:\/\/www.uqac.ca\/isolime2\/?page_id=170"},"modified":"2022-01-25T11:29:47","modified_gmt":"2022-01-25T16:29:47","slug":"amelioration-dun-outils-pour-la-telesurveillance-des-changeurs-de-prise-en-charge-pour-les-transformateurs-de-puissance","status":"publish","type":"page","link":"https:\/\/www.uqac.ca\/viaht\/amelioration-dun-outils-pour-la-telesurveillance-des-changeurs-de-prise-en-charge-pour-les-transformateurs-de-puissance\/","title":{"rendered":"Am\u00e9lioration d&rsquo;un outil pour la t\u00e9l\u00e9surveillance des changeurs de prise en charge pour les transformateurs de puissance"},"content":{"rendered":"","protected":false},"excerpt":{"rendered":"","protected":false},"author":3,"featured_media":0,"parent":0,"menu_order":0,"comment_status":"closed","ping_status":"closed","template":"","meta":{"_acf_changed":false,"footnotes":""},"class_list":["post-170","page","type-page","status-publish","hentry"],"acf":[],"_links":{"self":[{"href":"https:\/\/www.uqac.ca\/viaht\/wp-json\/wp\/v2\/pages\/170","targetHints":{"allow":["GET"]}}],"collection":[{"href":"https:\/\/www.uqac.ca\/viaht\/wp-json\/wp\/v2\/pages"}],"about":[{"href":"https:\/\/www.uqac.ca\/viaht\/wp-json\/wp\/v2\/types\/page"}],"author":[{"embeddable":true,"href":"https:\/\/www.uqac.ca\/viaht\/wp-json\/wp\/v2\/users\/3"}],"replies":[{"embeddable":true,"href":"https:\/\/www.uqac.ca\/viaht\/wp-json\/wp\/v2\/comments?post=170"}],"version-history":[{"count":9,"href":"https:\/\/www.uqac.ca\/viaht\/wp-json\/wp\/v2\/pages\/170\/revisions"}],"predecessor-version":[{"id":464,"href":"https:\/\/www.uqac.ca\/viaht\/wp-json\/wp\/v2\/pages\/170\/revisions\/464"}],"wp:attachment":[{"href":"https:\/\/www.uqac.ca\/viaht\/wp-json\/wp\/v2\/media?parent=170"}],"curies":[{"name":"wp","href":"https:\/\/api.w.org\/{rel}","templated":true}]}}