{"id":179,"date":"2021-09-24T16:46:49","date_gmt":"2021-09-24T14:46:49","guid":{"rendered":"https:\/\/www.uqac.ca\/isolime2\/?page_id=179"},"modified":"2022-01-25T11:30:43","modified_gmt":"2022-01-25T16:30:43","slug":"modelisation-des-phenomenes-de-preclaquage-des-huiles-minerales-et-biodegradables-utilisees-dans-les-transformateurs-de-puissance","status":"publish","type":"page","link":"https:\/\/www.uqac.ca\/viaht\/modelisation-des-phenomenes-de-preclaquage-des-huiles-minerales-et-biodegradables-utilisees-dans-les-transformateurs-de-puissance\/","title":{"rendered":"Mod\u00e9lisation des ph\u00e9nom\u00e8nes de pr\u00e9claquage des huiles min\u00e9rales et biod\u00e9gradables utilis\u00e9es dans les transformateurs de puissance"},"content":{"rendered":"","protected":false},"excerpt":{"rendered":"","protected":false},"author":3,"featured_media":0,"parent":0,"menu_order":0,"comment_status":"closed","ping_status":"closed","template":"","meta":{"_acf_changed":false,"footnotes":""},"class_list":["post-179","page","type-page","status-publish","hentry"],"acf":[],"_links":{"self":[{"href":"https:\/\/www.uqac.ca\/viaht\/wp-json\/wp\/v2\/pages\/179","targetHints":{"allow":["GET"]}}],"collection":[{"href":"https:\/\/www.uqac.ca\/viaht\/wp-json\/wp\/v2\/pages"}],"about":[{"href":"https:\/\/www.uqac.ca\/viaht\/wp-json\/wp\/v2\/types\/page"}],"author":[{"embeddable":true,"href":"https:\/\/www.uqac.ca\/viaht\/wp-json\/wp\/v2\/users\/3"}],"replies":[{"embeddable":true,"href":"https:\/\/www.uqac.ca\/viaht\/wp-json\/wp\/v2\/comments?post=179"}],"version-history":[{"count":4,"href":"https:\/\/www.uqac.ca\/viaht\/wp-json\/wp\/v2\/pages\/179\/revisions"}],"predecessor-version":[{"id":465,"href":"https:\/\/www.uqac.ca\/viaht\/wp-json\/wp\/v2\/pages\/179\/revisions\/465"}],"wp:attachment":[{"href":"https:\/\/www.uqac.ca\/viaht\/wp-json\/wp\/v2\/media?parent=179"}],"curies":[{"name":"wp","href":"https:\/\/api.w.org\/{rel}","templated":true}]}}